{"id":11633,"date":"2023-10-26T12:36:48","date_gmt":"2023-10-26T10:36:48","guid":{"rendered":"https:\/\/www.iscot.it\/rozwiazania\/usluga-dynamiczna\/"},"modified":"2025-03-27T14:30:52","modified_gmt":"2025-03-27T13:30:52","slug":"usluga-dynamiczna","status":"publish","type":"page","link":"https:\/\/www.iscot.it\/pl\/rozwiazania\/usluga-dynamiczna\/","title":{"rendered":"Us\u0142uga dynamiczna"},"content":{"rendered":"\t\t<div data-elementor-type=\"wp-page\" data-elementor-id=\"11633\" class=\"elementor elementor-11633 elementor-2316\" data-elementor-post-type=\"page\">\n\t\t\t\t<div class=\"elementor-element elementor-element-070321e e-flex e-con-boxed e-con e-parent\" data-id=\"070321e\" data-element_type=\"container\" data-e-type=\"container\" data-settings=\"{&quot;background_background&quot;:&quot;classic&quot;,&quot;sticky&quot;:&quot;top&quot;,&quot;sticky_offset&quot;:64,&quot;sticky_on&quot;:[&quot;desktop&quot;,&quot;tablet&quot;,&quot;mobile&quot;],&quot;sticky_effects_offset&quot;:0,&quot;sticky_anchor_link_offset&quot;:0}\">\n\t\t\t\t\t<div class=\"e-con-inner\">\n\t\t\t\t<div class=\"elementor-element elementor-element-75f9061 elementor-align-left elementor-widget elementor-widget-breadcrumbs\" data-id=\"75f9061\" data-element_type=\"widget\" data-e-type=\"widget\" data-widget_type=\"breadcrumbs.default\">\n\t\t\t\t<div class=\"elementor-widget-container\">\n\t\t\t\t\t<p id=\"breadcrumbs\"><span><span><a href=\"https:\/\/www.iscot.it\/\">Home<\/a><\/span><\/span><\/p>\t\t\t\t<\/div>\n\t\t\t\t<\/div>\n\t\t\t\t\t<\/div>\n\t\t\t\t<\/div>\n\t\t<div class=\"elementor-element elementor-element-348a56e e-flex e-con-boxed e-con e-parent\" data-id=\"348a56e\" data-element_type=\"container\" data-e-type=\"container\">\n\t\t\t\t\t<div class=\"e-con-inner\">\n\t\t<div class=\"elementor-element elementor-element-fb5230e e-flex e-con-boxed e-con e-child\" data-id=\"fb5230e\" data-element_type=\"container\" data-e-type=\"container\" data-settings=\"{&quot;background_background&quot;:&quot;classic&quot;}\">\n\t\t\t\t\t<div class=\"e-con-inner\">\n\t\t<div class=\"elementor-element elementor-element-5313873 e-flex e-con-boxed e-con e-child\" data-id=\"5313873\" data-element_type=\"container\" data-e-type=\"container\">\n\t\t\t\t\t<div class=\"e-con-inner\">\n\t\t\t\t<div class=\"elementor-element elementor-element-19376f6 elementor-widget elementor-widget-heading\" data-id=\"19376f6\" data-element_type=\"widget\" data-e-type=\"widget\" data-widget_type=\"heading.default\">\n\t\t\t\t<div class=\"elementor-widget-container\">\n\t\t\t\t\t<h1 class=\"elementor-heading-title elementor-size-default\">Us\u0142uga dynamiczna<\/h1>\t\t\t\t<\/div>\n\t\t\t\t<\/div>\n\t\t\t\t<div class=\"elementor-element elementor-element-c688791 elementor-widget elementor-widget-text-editor\" data-id=\"c688791\" data-element_type=\"widget\" data-e-type=\"widget\" data-widget_type=\"text-editor.default\">\n\t\t\t\t<div class=\"elementor-widget-container\">\n\t\t\t\t\t\t\t\t\t<p>Rozwi\u0105zania<\/p>\n\t\t\t\t\t\t\t\t<\/div>\n\t\t\t\t<\/div>\n\t\t\t\t\t<\/div>\n\t\t\t\t<\/div>\n\t\t\t\t\t<\/div>\n\t\t\t\t<\/div>\n\t\t\t\t\t<\/div>\n\t\t\t\t<\/div>\n\t\t<div class=\"elementor-element elementor-element-b6060f2 elementor-hidden-tablet elementor-hidden-mobile e-flex e-con-boxed e-con e-parent\" data-id=\"b6060f2\" data-element_type=\"container\" data-e-type=\"container\">\n\t\t\t\t\t<div class=\"e-con-inner\">\n\t\t<div class=\"elementor-element elementor-element-9cb00f6 e-con-full e-flex e-con e-child\" data-id=\"9cb00f6\" data-element_type=\"container\" data-e-type=\"container\" data-settings=\"{&quot;background_background&quot;:&quot;classic&quot;}\">\n\t\t\t\t<div class=\"elementor-element elementor-element-bb8d588 elementor-widget-divider--view-line_text elementor-widget-divider--element-align-left elementor-widget elementor-widget-divider\" data-id=\"bb8d588\" data-element_type=\"widget\" data-e-type=\"widget\" data-widget_type=\"divider.default\">\n\t\t\t\t<div class=\"elementor-widget-container\">\n\t\t\t\t\t\t\t<div class=\"elementor-divider\">\n\t\t\t<span class=\"elementor-divider-separator\">\n\t\t\t\t\t\t\t<span class=\"elementor-divider__text elementor-divider__element\">\n\t\t\t\tRozwi\u0105zania\t\t\t\t<\/span>\n\t\t\t\t\t\t<\/span>\n\t\t<\/div>\n\t\t\t\t\t\t<\/div>\n\t\t\t\t<\/div>\n\t\t\t\t<div class=\"elementor-element elementor-element-40eadbb elementor-widget elementor-widget-heading\" data-id=\"40eadbb\" data-element_type=\"widget\" data-e-type=\"widget\" data-widget_type=\"heading.default\">\n\t\t\t\t<div class=\"elementor-widget-container\">\n\t\t\t\t\t<h1 class=\"elementor-heading-title elementor-size-default\">Zwyci\u0119ski model \u015bwiadczenia us\u0142ug<\/h1>\t\t\t\t<\/div>\n\t\t\t\t<\/div>\n\t\t\t\t<div class=\"elementor-element elementor-element-9fc745f elementor-widget elementor-widget-text-editor\" data-id=\"9fc745f\" data-element_type=\"widget\" data-e-type=\"widget\" data-widget_type=\"text-editor.default\">\n\t\t\t\t<div class=\"elementor-widget-container\">\n\t\t\t\t\t\t\t\t\t<p>Nasz <em>Dynamic Service <\/em>to najbardziej zaawansowany <strong>model \u015bwiadczenia us\u0142ug technicznych <\/strong>dla zak\u0142ad\u00f3w przemys\u0142owych.<\/p><p>Jest to <strong>elastyczny <\/strong>model us\u0142ug, kt\u00f3ry mo\u017cna dostosowa\u0107 i szybko reagowa\u0107 na zmiany warunk\u00f3w dzia\u0142ania, potrzeb klient\u00f3w i dost\u0119pnych zasob\u00f3w. Model ten jest szczeg\u00f3lnie istotny w kontekstach produkcyjnych, w kt\u00f3rych <strong>warunki <\/strong>s\u0105 <strong>zmienne <\/strong>i nieprzewidywalne, oraz w innych obszarach, w kt\u00f3rych <strong>umiej\u0119tno\u015b\u0107 szybkiej adaptacji <\/strong>ma fundamentalne znaczenie.<\/p>\t\t\t\t\t\t\t\t<\/div>\n\t\t\t\t<\/div>\n\t\t\t\t<\/div>\n\t\t<div class=\"elementor-element elementor-element-ebd0fa1 e-con-full e-flex e-con e-child\" data-id=\"ebd0fa1\" data-element_type=\"container\" data-e-type=\"container\" data-settings=\"{&quot;background_background&quot;:&quot;classic&quot;}\">\n\t\t\t\t<\/div>\n\t\t\t\t\t<\/div>\n\t\t\t\t<\/div>\n\t\t<div class=\"elementor-element elementor-element-5681e21 elementor-hidden-desktop e-flex e-con-boxed e-con e-parent\" data-id=\"5681e21\" data-element_type=\"container\" data-e-type=\"container\">\n\t\t\t\t\t<div class=\"e-con-inner\">\n\t\t<div class=\"elementor-element elementor-element-365c826 e-con-full e-flex e-con e-child\" data-id=\"365c826\" data-element_type=\"container\" data-e-type=\"container\" data-settings=\"{&quot;background_background&quot;:&quot;classic&quot;}\">\n\t\t\t\t<div class=\"elementor-element elementor-element-d0cf456 elementor-widget-divider--view-line_text elementor-widget-divider--element-align-left elementor-widget elementor-widget-divider\" data-id=\"d0cf456\" data-element_type=\"widget\" data-e-type=\"widget\" data-widget_type=\"divider.default\">\n\t\t\t\t<div class=\"elementor-widget-container\">\n\t\t\t\t\t\t\t<div class=\"elementor-divider\">\n\t\t\t<span class=\"elementor-divider-separator\">\n\t\t\t\t\t\t\t<span class=\"elementor-divider__text elementor-divider__element\">\n\t\t\t\tRozwi\u0105zania\t\t\t\t<\/span>\n\t\t\t\t\t\t<\/span>\n\t\t<\/div>\n\t\t\t\t\t\t<\/div>\n\t\t\t\t<\/div>\n\t\t\t\t<div class=\"elementor-element elementor-element-ff2c9e3 elementor-widget elementor-widget-heading\" data-id=\"ff2c9e3\" data-element_type=\"widget\" data-e-type=\"widget\" data-widget_type=\"heading.default\">\n\t\t\t\t<div class=\"elementor-widget-container\">\n\t\t\t\t\t<h1 class=\"elementor-heading-title elementor-size-default\">Zwyci\u0119ski model \u015bwiadczenia us\u0142ug<\/h1>\t\t\t\t<\/div>\n\t\t\t\t<\/div>\n\t\t\t\t<div class=\"elementor-element elementor-element-b6b1873 elementor-widget elementor-widget-text-editor\" data-id=\"b6b1873\" data-element_type=\"widget\" data-e-type=\"widget\" data-widget_type=\"text-editor.default\">\n\t\t\t\t<div class=\"elementor-widget-container\">\n\t\t\t\t\t\t\t\t\t<p>Nasz <em>Dynamic Service <\/em>to najbardziej zaawansowany <strong>model \u015bwiadczenia us\u0142ug technicznych <\/strong>dla zak\u0142ad\u00f3w przemys\u0142owych.<\/p><p>Jest to <strong>elastyczny <\/strong>model us\u0142ug, kt\u00f3ry mo\u017cna dostosowa\u0107 i szybko reagowa\u0107 na zmiany warunk\u00f3w dzia\u0142ania, potrzeb klient\u00f3w i dost\u0119pnych zasob\u00f3w. Model ten jest szczeg\u00f3lnie istotny w kontekstach produkcyjnych, w kt\u00f3rych <strong>warunki <\/strong>s\u0105 <strong>zmienne <\/strong>i nieprzewidywalne, oraz w innych obszarach, w kt\u00f3rych <strong>umiej\u0119tno\u015b\u0107 szybkiej adaptacji <\/strong>ma fundamentalne znaczenie.<\/p>\t\t\t\t\t\t\t\t<\/div>\n\t\t\t\t<\/div>\n\t\t\t\t<\/div>\n\t\t<div class=\"elementor-element elementor-element-61ab545 e-flex e-con-boxed e-con e-child\" data-id=\"61ab545\" data-element_type=\"container\" data-e-type=\"container\" data-settings=\"{&quot;background_background&quot;:&quot;classic&quot;}\">\n\t\t\t\t\t<div class=\"e-con-inner\">\n\t\t\t\t<div class=\"elementor-element elementor-element-35c4e97 elementor-widget elementor-widget-image\" data-id=\"35c4e97\" data-element_type=\"widget\" data-e-type=\"widget\" data-widget_type=\"image.default\">\n\t\t\t\t<div class=\"elementor-widget-container\">\n\t\t\t\t\t\t\t\t\t\t\t\t\t\t\t<img fetchpriority=\"high\" decoding=\"async\" width=\"494\" height=\"494\" src=\"https:\/\/www.iscot.it\/wp-content\/uploads\/2024\/07\/Dynamic-Service-01.svg\" class=\"attachment-2048x2048 size-2048x2048 wp-image-11634\" alt=\"\" \/>\t\t\t\t\t\t\t\t\t\t\t\t\t\t\t<\/div>\n\t\t\t\t<\/div>\n\t\t\t\t\t<\/div>\n\t\t\t\t<\/div>\n\t\t\t\t\t<\/div>\n\t\t\t\t<\/div>\n\t\t<div class=\"elementor-element elementor-element-29d6c38 elementor-hidden-tablet elementor-hidden-mobile e-flex e-con-boxed e-con e-parent\" data-id=\"29d6c38\" data-element_type=\"container\" data-e-type=\"container\">\n\t\t\t\t\t<div class=\"e-con-inner\">\n\t\t<div class=\"elementor-element elementor-element-8e6418e e-con-full e-flex e-con e-child\" data-id=\"8e6418e\" data-element_type=\"container\" data-e-type=\"container\" data-settings=\"{&quot;background_background&quot;:&quot;classic&quot;}\">\n\t\t\t\t<div class=\"elementor-element elementor-element-78221bb elementor-widget-divider--view-line_text elementor-widget-divider--element-align-left elementor-widget__width-initial elementor-widget elementor-widget-divider\" data-id=\"78221bb\" data-element_type=\"widget\" data-e-type=\"widget\" data-widget_type=\"divider.default\">\n\t\t\t\t<div class=\"elementor-widget-container\">\n\t\t\t\t\t\t\t<div class=\"elementor-divider\">\n\t\t\t<span class=\"elementor-divider-separator\">\n\t\t\t\t\t\t\t<span class=\"elementor-divider__text elementor-divider__element\">\n\t\t\t\tRozwi\u0105zania\t\t\t\t<\/span>\n\t\t\t\t\t\t<\/span>\n\t\t<\/div>\n\t\t\t\t\t\t<\/div>\n\t\t\t\t<\/div>\n\t\t\t\t<div class=\"elementor-element elementor-element-3da4a19 elementor-widget__width-initial elementor-widget elementor-widget-heading\" data-id=\"3da4a19\" data-element_type=\"widget\" data-e-type=\"widget\" data-widget_type=\"heading.default\">\n\t\t\t\t<div class=\"elementor-widget-container\">\n\t\t\t\t\t<h1 class=\"elementor-heading-title elementor-size-default\">Dynamiczne dostosowywanie si\u0119 do potrzeb klienta<\/h1>\t\t\t\t<\/div>\n\t\t\t\t<\/div>\n\t\t\t\t<div class=\"elementor-element elementor-element-d922bf3 elementor-widget__width-initial elementor-widget elementor-widget-text-editor\" data-id=\"d922bf3\" data-element_type=\"widget\" data-e-type=\"widget\" data-widget_type=\"text-editor.default\">\n\t\t\t\t<div class=\"elementor-widget-container\">\n\t\t\t\t\t\t\t\t\tUs\u0142uga <strong>Dynamiczna <\/strong>reprezentuje <strong>nowoczesne i elastyczne podej\u015bcie <\/strong>do \u015bwiadczenia oferowanych przez nas us\u0142ug i przyczynia si\u0119 do generowania wi\u0119kszej <strong>konkurencyjno\u015bci <\/strong>naszych Klient\u00f3w, kt\u00f3rzy dzi\u0119ki temu mog\u0105 <strong>szybko reagowa\u0107 <\/strong>na zmiany na rynku i warunkach funkcjonowania, w jakich dzia\u0142aj\u0105.\r\n<ul>\r\n \t<li>Elastyczno\u015b\u0107<\/li>\r\n \t<li>Automatyzacja<\/li>\r\n \t<li>Proaktywno\u015b\u0107<\/li>\r\n \t<li>Personalizacja<\/li>\r\n<\/ul>\t\t\t\t\t\t\t\t<\/div>\n\t\t\t\t<\/div>\n\t\t\t\t<\/div>\n\t\t\t\t\t<\/div>\n\t\t\t\t<\/div>\n\t\t<div class=\"elementor-element elementor-element-3ec4cfa elementor-hidden-desktop e-flex e-con-boxed e-con e-parent\" data-id=\"3ec4cfa\" data-element_type=\"container\" data-e-type=\"container\">\n\t\t\t\t\t<div class=\"e-con-inner\">\n\t\t<div class=\"elementor-element elementor-element-f8c57f4 e-con-full e-flex e-con e-child\" data-id=\"f8c57f4\" data-element_type=\"container\" data-e-type=\"container\" data-settings=\"{&quot;background_background&quot;:&quot;classic&quot;}\">\n\t\t\t\t<div class=\"elementor-element elementor-element-c087ac0 elementor-widget-divider--view-line_text elementor-widget-divider--element-align-left elementor-widget__width-initial elementor-widget elementor-widget-divider\" data-id=\"c087ac0\" data-element_type=\"widget\" data-e-type=\"widget\" data-widget_type=\"divider.default\">\n\t\t\t\t<div class=\"elementor-widget-container\">\n\t\t\t\t\t\t\t<div class=\"elementor-divider\">\n\t\t\t<span class=\"elementor-divider-separator\">\n\t\t\t\t\t\t\t<span class=\"elementor-divider__text elementor-divider__element\">\n\t\t\t\tRozwi\u0105zania\t\t\t\t<\/span>\n\t\t\t\t\t\t<\/span>\n\t\t<\/div>\n\t\t\t\t\t\t<\/div>\n\t\t\t\t<\/div>\n\t\t\t\t<div class=\"elementor-element elementor-element-5f386ec elementor-widget__width-initial elementor-widget elementor-widget-heading\" data-id=\"5f386ec\" data-element_type=\"widget\" data-e-type=\"widget\" data-widget_type=\"heading.default\">\n\t\t\t\t<div class=\"elementor-widget-container\">\n\t\t\t\t\t<h1 class=\"elementor-heading-title elementor-size-default\">Dynamiczne dostosowywanie si\u0119 do potrzeb klienta<\/h1>\t\t\t\t<\/div>\n\t\t\t\t<\/div>\n\t\t\t\t<div class=\"elementor-element elementor-element-aa005c6 elementor-widget__width-initial elementor-widget elementor-widget-text-editor\" data-id=\"aa005c6\" data-element_type=\"widget\" data-e-type=\"widget\" data-widget_type=\"text-editor.default\">\n\t\t\t\t<div class=\"elementor-widget-container\">\n\t\t\t\t\t\t\t\t\t<p>Us\u0142uga <strong>Dynamiczna <\/strong>reprezentuje <strong>nowoczesne i elastyczne podej\u015bcie <\/strong>do \u015bwiadczenia oferowanych przez nas us\u0142ug i przyczynia si\u0119 do generowania wi\u0119kszej <strong>konkurencyjno\u015bci <\/strong>naszych Klient\u00f3w, kt\u00f3rzy dzi\u0119ki temu mog\u0105 <strong>szybko reagowa\u0107 <\/strong>na zmiany na rynku i warunkach funkcjonowania, w jakich dzia\u0142aj\u0105.<\/p><ul><li>Elastyczno\u015b\u0107<\/li><li>Automatyzacja<\/li><li>Proaktywno\u015b\u0107<\/li><li>Personalizacja<\/li><\/ul>\t\t\t\t\t\t\t\t<\/div>\n\t\t\t\t<\/div>\n\t\t\t\t<\/div>\n\t\t\t\t\t<\/div>\n\t\t\t\t<\/div>\n\t\t\t\t<\/div>\n\t\t","protected":false},"excerpt":{"rendered":"<p>Us\u0142uga dynamiczna Rozwi\u0105zania Rozwi\u0105zania Zwyci\u0119ski model \u015bwiadczenia us\u0142ug Nasz Dynamic Service to najbardziej zaawansowany model \u015bwiadczenia us\u0142ug technicznych dla zak\u0142ad\u00f3w przemys\u0142owych. Jest to elastyczny model us\u0142ug, kt\u00f3ry mo\u017cna dostosowa\u0107 i szybko reagowa\u0107 na zmiany warunk\u00f3w dzia\u0142ania, potrzeb klient\u00f3w i dost\u0119pnych zasob\u00f3w. Model ten jest szczeg\u00f3lnie istotny w kontekstach produkcyjnych, w kt\u00f3rych warunki s\u0105 zmienne i [&hellip;]<\/p>\n","protected":false},"author":1,"featured_media":0,"parent":11578,"menu_order":4,"comment_status":"closed","ping_status":"closed","template":"elementor_header_footer","meta":{"_monsterinsights_skip_tracking":false,"_monsterinsights_sitenote_active":false,"_monsterinsights_sitenote_note":"","_monsterinsights_sitenote_category":0,"footnotes":""},"class_list":["post-11633","page","type-page","status-publish","hentry"],"yoast_head":"<!-- This site is optimized with the Yoast SEO plugin v27.0 - https:\/\/yoast.com\/product\/yoast-seo-wordpress\/ -->\n<title>Us\u0142uga dynamiczna - ISCOT<\/title>\n<meta name=\"robots\" content=\"index, follow, max-snippet:-1, max-image-preview:large, max-video-preview:-1\" \/>\n<link rel=\"canonical\" href=\"https:\/\/www.iscot.it\/soluzioni\/dynamic-service\/\" \/>\n<meta property=\"og:locale\" content=\"pl_PL\" \/>\n<meta property=\"og:type\" content=\"article\" \/>\n<meta property=\"og:title\" content=\"Us\u0142uga dynamiczna - ISCOT\" \/>\n<meta property=\"og:description\" content=\"Us\u0142uga dynamiczna Rozwi\u0105zania Rozwi\u0105zania Zwyci\u0119ski model \u015bwiadczenia us\u0142ug Nasz Dynamic Service to najbardziej zaawansowany model \u015bwiadczenia us\u0142ug technicznych dla zak\u0142ad\u00f3w przemys\u0142owych. Jest to elastyczny model us\u0142ug, kt\u00f3ry mo\u017cna dostosowa\u0107 i szybko reagowa\u0107 na zmiany warunk\u00f3w dzia\u0142ania, potrzeb klient\u00f3w i dost\u0119pnych zasob\u00f3w. Model ten jest szczeg\u00f3lnie istotny w kontekstach produkcyjnych, w kt\u00f3rych warunki s\u0105 zmienne i [&hellip;]\" \/>\n<meta property=\"og:url\" content=\"https:\/\/www.iscot.it\/soluzioni\/dynamic-service\/\" \/>\n<meta property=\"og:site_name\" content=\"ISCOT\" \/>\n<meta property=\"article:modified_time\" content=\"2025-03-27T13:30:52+00:00\" \/>\n<meta name=\"twitter:card\" content=\"summary_large_image\" \/>\n<meta name=\"twitter:label1\" content=\"Szacowany czas czytania\" \/>\n\t<meta name=\"twitter:data1\" content=\"2 minuty\" \/>\n<script type=\"application\/ld+json\" class=\"yoast-schema-graph\">{\"@context\":\"https:\/\/schema.org\",\"@graph\":[{\"@type\":\"WebPage\",\"@id\":\"https:\/\/www.iscot.it\/soluzioni\/dynamic-service\/\",\"url\":\"https:\/\/www.iscot.it\/soluzioni\/dynamic-service\/\",\"name\":\"Us\u0142uga dynamiczna - ISCOT\",\"isPartOf\":{\"@id\":\"https:\/\/www.iscot.it\/#website\"},\"primaryImageOfPage\":{\"@id\":\"https:\/\/www.iscot.it\/soluzioni\/dynamic-service\/#primaryimage\"},\"image\":{\"@id\":\"https:\/\/www.iscot.it\/soluzioni\/dynamic-service\/#primaryimage\"},\"thumbnailUrl\":\"https:\/\/www.iscot.it\/wp-content\/uploads\/2024\/07\/Dynamic-Service-01.svg\",\"datePublished\":\"2023-10-26T10:36:48+00:00\",\"dateModified\":\"2025-03-27T13:30:52+00:00\",\"breadcrumb\":{\"@id\":\"https:\/\/www.iscot.it\/soluzioni\/dynamic-service\/#breadcrumb\"},\"inLanguage\":\"pl-PL\",\"potentialAction\":[{\"@type\":\"ReadAction\",\"target\":[\"https:\/\/www.iscot.it\/soluzioni\/dynamic-service\/\"]}]},{\"@type\":\"ImageObject\",\"inLanguage\":\"pl-PL\",\"@id\":\"https:\/\/www.iscot.it\/soluzioni\/dynamic-service\/#primaryimage\",\"url\":\"https:\/\/www.iscot.it\/wp-content\/uploads\/2024\/07\/Dynamic-Service-01.svg\",\"contentUrl\":\"https:\/\/www.iscot.it\/wp-content\/uploads\/2024\/07\/Dynamic-Service-01.svg\"},{\"@type\":\"BreadcrumbList\",\"@id\":\"https:\/\/www.iscot.it\/soluzioni\/dynamic-service\/#breadcrumb\",\"itemListElement\":[{\"@type\":\"ListItem\",\"position\":1,\"name\":\"Home\",\"item\":\"https:\/\/www.iscot.it\/\"},{\"@type\":\"ListItem\",\"position\":2,\"name\":\"Rozwi\u0105zania\",\"item\":\"https:\/\/www.iscot.it\/soluzioni\/\"},{\"@type\":\"ListItem\",\"position\":3,\"name\":\"Us\u0142uga dynamiczna\"}]},{\"@type\":\"WebSite\",\"@id\":\"https:\/\/www.iscot.it\/#website\",\"url\":\"https:\/\/www.iscot.it\/\",\"name\":\"ISCOT\",\"description\":\"Servizi integrati per la produzione\",\"publisher\":{\"@id\":\"https:\/\/www.iscot.it\/#organization\"},\"potentialAction\":[{\"@type\":\"SearchAction\",\"target\":{\"@type\":\"EntryPoint\",\"urlTemplate\":\"https:\/\/www.iscot.it\/?s={search_term_string}\"},\"query-input\":{\"@type\":\"PropertyValueSpecification\",\"valueRequired\":true,\"valueName\":\"search_term_string\"}}],\"inLanguage\":\"pl-PL\"},{\"@type\":\"Organization\",\"@id\":\"https:\/\/www.iscot.it\/#organization\",\"name\":\"ISCOT\",\"url\":\"https:\/\/www.iscot.it\/\",\"logo\":{\"@type\":\"ImageObject\",\"inLanguage\":\"pl-PL\",\"@id\":\"https:\/\/www.iscot.it\/#\/schema\/logo\/image\/\",\"url\":\"https:\/\/www.iscot.it\/wp-content\/uploads\/2023\/04\/ISCOT_Logo.svg\",\"contentUrl\":\"https:\/\/www.iscot.it\/wp-content\/uploads\/2023\/04\/ISCOT_Logo.svg\",\"width\":343,\"height\":85,\"caption\":\"ISCOT\"},\"image\":{\"@id\":\"https:\/\/www.iscot.it\/#\/schema\/logo\/image\/\"}}]}<\/script>\n<!-- \/ Yoast SEO plugin. -->","yoast_head_json":{"title":"Us\u0142uga dynamiczna - ISCOT","robots":{"index":"index","follow":"follow","max-snippet":"max-snippet:-1","max-image-preview":"max-image-preview:large","max-video-preview":"max-video-preview:-1"},"canonical":"https:\/\/www.iscot.it\/soluzioni\/dynamic-service\/","og_locale":"pl_PL","og_type":"article","og_title":"Us\u0142uga dynamiczna - ISCOT","og_description":"Us\u0142uga dynamiczna Rozwi\u0105zania Rozwi\u0105zania Zwyci\u0119ski model \u015bwiadczenia us\u0142ug Nasz Dynamic Service to najbardziej zaawansowany model \u015bwiadczenia us\u0142ug technicznych dla zak\u0142ad\u00f3w przemys\u0142owych. Jest to elastyczny model us\u0142ug, kt\u00f3ry mo\u017cna dostosowa\u0107 i szybko reagowa\u0107 na zmiany warunk\u00f3w dzia\u0142ania, potrzeb klient\u00f3w i dost\u0119pnych zasob\u00f3w. Model ten jest szczeg\u00f3lnie istotny w kontekstach produkcyjnych, w kt\u00f3rych warunki s\u0105 zmienne i [&hellip;]","og_url":"https:\/\/www.iscot.it\/soluzioni\/dynamic-service\/","og_site_name":"ISCOT","article_modified_time":"2025-03-27T13:30:52+00:00","twitter_card":"summary_large_image","twitter_misc":{"Szacowany czas czytania":"2 minuty"},"schema":{"@context":"https:\/\/schema.org","@graph":[{"@type":"WebPage","@id":"https:\/\/www.iscot.it\/soluzioni\/dynamic-service\/","url":"https:\/\/www.iscot.it\/soluzioni\/dynamic-service\/","name":"Us\u0142uga dynamiczna - ISCOT","isPartOf":{"@id":"https:\/\/www.iscot.it\/#website"},"primaryImageOfPage":{"@id":"https:\/\/www.iscot.it\/soluzioni\/dynamic-service\/#primaryimage"},"image":{"@id":"https:\/\/www.iscot.it\/soluzioni\/dynamic-service\/#primaryimage"},"thumbnailUrl":"https:\/\/www.iscot.it\/wp-content\/uploads\/2024\/07\/Dynamic-Service-01.svg","datePublished":"2023-10-26T10:36:48+00:00","dateModified":"2025-03-27T13:30:52+00:00","breadcrumb":{"@id":"https:\/\/www.iscot.it\/soluzioni\/dynamic-service\/#breadcrumb"},"inLanguage":"pl-PL","potentialAction":[{"@type":"ReadAction","target":["https:\/\/www.iscot.it\/soluzioni\/dynamic-service\/"]}]},{"@type":"ImageObject","inLanguage":"pl-PL","@id":"https:\/\/www.iscot.it\/soluzioni\/dynamic-service\/#primaryimage","url":"https:\/\/www.iscot.it\/wp-content\/uploads\/2024\/07\/Dynamic-Service-01.svg","contentUrl":"https:\/\/www.iscot.it\/wp-content\/uploads\/2024\/07\/Dynamic-Service-01.svg"},{"@type":"BreadcrumbList","@id":"https:\/\/www.iscot.it\/soluzioni\/dynamic-service\/#breadcrumb","itemListElement":[{"@type":"ListItem","position":1,"name":"Home","item":"https:\/\/www.iscot.it\/"},{"@type":"ListItem","position":2,"name":"Rozwi\u0105zania","item":"https:\/\/www.iscot.it\/soluzioni\/"},{"@type":"ListItem","position":3,"name":"Us\u0142uga dynamiczna"}]},{"@type":"WebSite","@id":"https:\/\/www.iscot.it\/#website","url":"https:\/\/www.iscot.it\/","name":"ISCOT","description":"Servizi integrati per la produzione","publisher":{"@id":"https:\/\/www.iscot.it\/#organization"},"potentialAction":[{"@type":"SearchAction","target":{"@type":"EntryPoint","urlTemplate":"https:\/\/www.iscot.it\/?s={search_term_string}"},"query-input":{"@type":"PropertyValueSpecification","valueRequired":true,"valueName":"search_term_string"}}],"inLanguage":"pl-PL"},{"@type":"Organization","@id":"https:\/\/www.iscot.it\/#organization","name":"ISCOT","url":"https:\/\/www.iscot.it\/","logo":{"@type":"ImageObject","inLanguage":"pl-PL","@id":"https:\/\/www.iscot.it\/#\/schema\/logo\/image\/","url":"https:\/\/www.iscot.it\/wp-content\/uploads\/2023\/04\/ISCOT_Logo.svg","contentUrl":"https:\/\/www.iscot.it\/wp-content\/uploads\/2023\/04\/ISCOT_Logo.svg","width":343,"height":85,"caption":"ISCOT"},"image":{"@id":"https:\/\/www.iscot.it\/#\/schema\/logo\/image\/"}}]}},"_links":{"self":[{"href":"https:\/\/www.iscot.it\/pl\/wp-json\/wp\/v2\/pages\/11633","targetHints":{"allow":["GET"]}}],"collection":[{"href":"https:\/\/www.iscot.it\/pl\/wp-json\/wp\/v2\/pages"}],"about":[{"href":"https:\/\/www.iscot.it\/pl\/wp-json\/wp\/v2\/types\/page"}],"author":[{"embeddable":true,"href":"https:\/\/www.iscot.it\/pl\/wp-json\/wp\/v2\/users\/1"}],"replies":[{"embeddable":true,"href":"https:\/\/www.iscot.it\/pl\/wp-json\/wp\/v2\/comments?post=11633"}],"version-history":[{"count":13,"href":"https:\/\/www.iscot.it\/pl\/wp-json\/wp\/v2\/pages\/11633\/revisions"}],"predecessor-version":[{"id":11649,"href":"https:\/\/www.iscot.it\/pl\/wp-json\/wp\/v2\/pages\/11633\/revisions\/11649"}],"up":[{"embeddable":true,"href":"https:\/\/www.iscot.it\/pl\/wp-json\/wp\/v2\/pages\/11578"}],"wp:attachment":[{"href":"https:\/\/www.iscot.it\/pl\/wp-json\/wp\/v2\/media?parent=11633"}],"curies":[{"name":"wp","href":"https:\/\/api.w.org\/{rel}","templated":true}]}}