{"id":11614,"date":"2023-10-26T12:29:10","date_gmt":"2023-10-26T10:29:10","guid":{"rendered":"https:\/\/www.iscot.it\/rozwiazania\/zintegrowane-uslugi\/"},"modified":"2025-03-27T14:12:51","modified_gmt":"2025-03-27T13:12:51","slug":"zintegrowane-uslugi","status":"publish","type":"page","link":"https:\/\/www.iscot.it\/pl\/rozwiazania\/zintegrowane-uslugi\/","title":{"rendered":"Zintegrowane us\u0142ugi"},"content":{"rendered":"\t\t<div data-elementor-type=\"wp-page\" data-elementor-id=\"11614\" class=\"elementor elementor-11614 elementor-2293\" data-elementor-post-type=\"page\">\n\t\t\t\t<div class=\"elementor-element elementor-element-dc38292 e-flex e-con-boxed e-con e-parent\" data-id=\"dc38292\" data-element_type=\"container\" data-e-type=\"container\" data-settings=\"{&quot;background_background&quot;:&quot;classic&quot;,&quot;sticky&quot;:&quot;top&quot;,&quot;sticky_offset&quot;:64,&quot;sticky_on&quot;:[&quot;desktop&quot;,&quot;tablet&quot;,&quot;mobile&quot;],&quot;sticky_effects_offset&quot;:0,&quot;sticky_anchor_link_offset&quot;:0}\">\n\t\t\t\t\t<div class=\"e-con-inner\">\n\t\t\t\t<div class=\"elementor-element elementor-element-8f7abc7 elementor-align-left elementor-widget elementor-widget-breadcrumbs\" data-id=\"8f7abc7\" data-element_type=\"widget\" data-e-type=\"widget\" data-widget_type=\"breadcrumbs.default\">\n\t\t\t\t<div class=\"elementor-widget-container\">\n\t\t\t\t\t<p id=\"breadcrumbs\"><span><span><a href=\"https:\/\/www.iscot.it\/\">Home<\/a><\/span><\/span><\/p>\t\t\t\t<\/div>\n\t\t\t\t<\/div>\n\t\t\t\t\t<\/div>\n\t\t\t\t<\/div>\n\t\t<div class=\"elementor-element elementor-element-348a56e e-flex e-con-boxed e-con e-parent\" data-id=\"348a56e\" data-element_type=\"container\" data-e-type=\"container\">\n\t\t\t\t\t<div class=\"e-con-inner\">\n\t\t<div class=\"elementor-element elementor-element-fb5230e e-flex e-con-boxed e-con e-child\" data-id=\"fb5230e\" data-element_type=\"container\" data-e-type=\"container\" data-settings=\"{&quot;background_background&quot;:&quot;classic&quot;}\">\n\t\t\t\t\t<div class=\"e-con-inner\">\n\t\t<div class=\"elementor-element elementor-element-5313873 e-flex e-con-boxed e-con e-child\" data-id=\"5313873\" data-element_type=\"container\" data-e-type=\"container\">\n\t\t\t\t\t<div class=\"e-con-inner\">\n\t\t\t\t<div class=\"elementor-element elementor-element-19376f6 elementor-widget elementor-widget-heading\" data-id=\"19376f6\" data-element_type=\"widget\" data-e-type=\"widget\" data-widget_type=\"heading.default\">\n\t\t\t\t<div class=\"elementor-widget-container\">\n\t\t\t\t\t<h1 class=\"elementor-heading-title elementor-size-default\">Zintegrowane us\u0142ugi<\/h1>\t\t\t\t<\/div>\n\t\t\t\t<\/div>\n\t\t\t\t<div class=\"elementor-element elementor-element-c688791 elementor-widget elementor-widget-text-editor\" data-id=\"c688791\" data-element_type=\"widget\" data-e-type=\"widget\" data-widget_type=\"text-editor.default\">\n\t\t\t\t<div class=\"elementor-widget-container\">\n\t\t\t\t\t\t\t\t\t<p>Rozwi\u0105zania<\/p>\n\t\t\t\t\t\t\t\t<\/div>\n\t\t\t\t<\/div>\n\t\t\t\t\t<\/div>\n\t\t\t\t<\/div>\n\t\t\t\t\t<\/div>\n\t\t\t\t<\/div>\n\t\t\t\t\t<\/div>\n\t\t\t\t<\/div>\n\t\t<div class=\"elementor-element elementor-element-b6060f2 e-flex e-con-boxed e-con e-parent\" data-id=\"b6060f2\" data-element_type=\"container\" data-e-type=\"container\">\n\t\t\t\t\t<div class=\"e-con-inner\">\n\t\t<div class=\"elementor-element elementor-element-9cb00f6 e-con-full e-flex e-con e-child\" data-id=\"9cb00f6\" data-element_type=\"container\" data-e-type=\"container\" data-settings=\"{&quot;background_background&quot;:&quot;classic&quot;}\">\n\t\t\t\t<div class=\"elementor-element elementor-element-6c82ca4 elementor-widget-divider--view-line_text elementor-widget-divider--element-align-left elementor-widget elementor-widget-divider\" data-id=\"6c82ca4\" data-element_type=\"widget\" data-e-type=\"widget\" data-widget_type=\"divider.default\">\n\t\t\t\t<div class=\"elementor-widget-container\">\n\t\t\t\t\t\t\t<div class=\"elementor-divider\">\n\t\t\t<span class=\"elementor-divider-separator\">\n\t\t\t\t\t\t\t<span class=\"elementor-divider__text elementor-divider__element\">\n\t\t\t\tRozwi\u0105zania\t\t\t\t<\/span>\n\t\t\t\t\t\t<\/span>\n\t\t<\/div>\n\t\t\t\t\t\t<\/div>\n\t\t\t\t<\/div>\n\t\t\t\t<div class=\"elementor-element elementor-element-40eadbb elementor-widget elementor-widget-heading\" data-id=\"40eadbb\" data-element_type=\"widget\" data-e-type=\"widget\" data-widget_type=\"heading.default\">\n\t\t\t\t<div class=\"elementor-widget-container\">\n\t\t\t\t\t<h1 class=\"elementor-heading-title elementor-size-default\">Zintegrowana wizja<\/h1>\t\t\t\t<\/div>\n\t\t\t\t<\/div>\n\t\t\t\t<div class=\"elementor-element elementor-element-9fc745f elementor-widget elementor-widget-text-editor\" data-id=\"9fc745f\" data-element_type=\"widget\" data-e-type=\"widget\" data-widget_type=\"text-editor.default\">\n\t\t\t\t<div class=\"elementor-widget-container\">\n\t\t\t\t\t\t\t\t\t<p>Nasz model zarz\u0105dzania integruje \u015bwiadczone przez nas us\u0142ugi w <strong>jedn\u0105 platform\u0119 zarz\u0105dzania,<\/strong> zamiast zarz\u0105dza\u0107 nimi oddzielnie i niezale\u017cnie.<\/p>\n<p>Takie podej\u015bcie pozwala na <strong>bardziej sp\u00f3jne <\/strong>i skoordynowane zarz\u0105dzanie dzia\u0142aniami, popraw\u0119 jako\u015bci us\u0142ug i uzyskanie <strong>znacznych <\/strong>oszcz\u0119dno\u015bci<\/p>\n\t\t\t\t\t\t\t\t<\/div>\n\t\t\t\t<\/div>\n\t\t\t\t<\/div>\n\t\t\t\t\t<\/div>\n\t\t\t\t<\/div>\n\t\t<div class=\"elementor-element elementor-element-c399038 elementor-hidden-tablet elementor-hidden-mobile e-flex e-con-boxed e-con e-parent\" data-id=\"c399038\" data-element_type=\"container\" data-e-type=\"container\">\n\t\t\t\t\t<div class=\"e-con-inner\">\n\t\t<div class=\"elementor-element elementor-element-1d39af6 e-con-full e-flex e-con e-child\" data-id=\"1d39af6\" data-element_type=\"container\" data-e-type=\"container\" data-settings=\"{&quot;background_background&quot;:&quot;classic&quot;}\">\n\t\t\t\t<div class=\"elementor-element elementor-element-ff11544 elementor-widget-divider--view-line_text elementor-widget-divider--element-align-left elementor-widget elementor-widget-divider\" data-id=\"ff11544\" data-element_type=\"widget\" data-e-type=\"widget\" data-widget_type=\"divider.default\">\n\t\t\t\t<div class=\"elementor-widget-container\">\n\t\t\t\t\t\t\t<div class=\"elementor-divider\">\n\t\t\t<span class=\"elementor-divider-separator\">\n\t\t\t\t\t\t\t<span class=\"elementor-divider__text elementor-divider__element\">\n\t\t\t\tRozwi\u0105zania\t\t\t\t<\/span>\n\t\t\t\t\t\t<\/span>\n\t\t<\/div>\n\t\t\t\t\t\t<\/div>\n\t\t\t\t<\/div>\n\t\t\t\t<div class=\"elementor-element elementor-element-aad3cc9 elementor-widget__width-initial elementor-widget elementor-widget-heading\" data-id=\"aad3cc9\" data-element_type=\"widget\" data-e-type=\"widget\" data-widget_type=\"heading.default\">\n\t\t\t\t<div class=\"elementor-widget-container\">\n\t\t\t\t\t<h1 class=\"elementor-heading-title elementor-size-default\">Zalety zintegrowanych us\u0142ug zarz\u0105dzania obiektami<\/h1>\t\t\t\t<\/div>\n\t\t\t\t<\/div>\n\t\t\t\t<div class=\"elementor-element elementor-element-0cea1cb elementor-widget__width-initial elementor-widget elementor-widget-text-editor\" data-id=\"0cea1cb\" data-element_type=\"widget\" data-e-type=\"widget\" data-widget_type=\"text-editor.default\">\n\t\t\t\t<div class=\"elementor-widget-container\">\n\t\t\t\t\t\t\t\t\t<ul>\n<li><strong>Jeden g\u0142os:<\/strong> Klient ma jeden punkt odniesienia i jednego dostawc\u0119.<\/li>\n<li><strong>Efektywno\u015b\u0107 operacyjna:<\/strong> bardziej efektywne zarz\u0105dzanie pozwala zoptymalizowa\u0107 czas realizacji i poprawi\u0107 produktywno\u015b\u0107.<\/li>\n<li><strong>Redukcja koszt\u00f3w:<\/strong> centralizacja us\u0142ug prowadzi do korzy\u015bci skali i bardziej ostro\u017cnego zarz\u0105dzania zasobami.<\/li>\n<li><strong>Jako\u015b\u0107 us\u0142ug:<\/strong> Zintegrowane podej\u015bcie zapewnia koordynacj\u0119 wszystkich us\u0142ug i zarz\u0105dzanie nimi zgodnie z wysokimi standardami.<\/li>\n<li><strong>Elastyczno\u015b\u0107 i zdolno\u015b\u0107 adaptacji:<\/strong> model ten pozwala na szybkie dostosowanie wszystkich us\u0142ug do zmieniaj\u0105cych si\u0119 potrzeb Klienta.<\/li>\n<li><strong>Zr\u00f3wnowa\u017cony rozw\u00f3j:<\/strong> skoordynowane podej\u015bcie u\u0142atwia wdra\u017canie zr\u00f3wnowa\u017conych praktyk.<\/li>\n<\/ul>\n\t\t\t\t\t\t\t\t<\/div>\n\t\t\t\t<\/div>\n\t\t\t\t<\/div>\n\t\t\t\t\t<\/div>\n\t\t\t\t<\/div>\n\t\t<div class=\"elementor-element elementor-element-69397d5 elementor-hidden-desktop e-flex e-con-boxed e-con e-parent\" data-id=\"69397d5\" data-element_type=\"container\" data-e-type=\"container\" data-settings=\"{&quot;background_background&quot;:&quot;classic&quot;}\">\n\t\t\t\t\t<div class=\"e-con-inner\">\n\t\t<div class=\"elementor-element elementor-element-6b632dd e-con-full e-flex e-con e-child\" data-id=\"6b632dd\" data-element_type=\"container\" data-e-type=\"container\" data-settings=\"{&quot;background_background&quot;:&quot;classic&quot;}\">\n\t\t\t\t<\/div>\n\t\t<div class=\"elementor-element elementor-element-e513966 e-con-full e-flex e-con e-child\" data-id=\"e513966\" data-element_type=\"container\" data-e-type=\"container\" data-settings=\"{&quot;background_background&quot;:&quot;classic&quot;}\">\n\t\t\t\t<div class=\"elementor-element elementor-element-96fe4d9 elementor-widget-divider--view-line_text elementor-widget-divider--element-align-left elementor-widget elementor-widget-divider\" data-id=\"96fe4d9\" data-element_type=\"widget\" data-e-type=\"widget\" data-widget_type=\"divider.default\">\n\t\t\t\t<div class=\"elementor-widget-container\">\n\t\t\t\t\t\t\t<div class=\"elementor-divider\">\n\t\t\t<span class=\"elementor-divider-separator\">\n\t\t\t\t\t\t\t<span class=\"elementor-divider__text elementor-divider__element\">\n\t\t\t\tRozwi\u0105zania\t\t\t\t<\/span>\n\t\t\t\t\t\t<\/span>\n\t\t<\/div>\n\t\t\t\t\t\t<\/div>\n\t\t\t\t<\/div>\n\t\t\t\t<div class=\"elementor-element elementor-element-960e8bc elementor-widget__width-initial elementor-widget elementor-widget-heading\" data-id=\"960e8bc\" data-element_type=\"widget\" data-e-type=\"widget\" data-widget_type=\"heading.default\">\n\t\t\t\t<div class=\"elementor-widget-container\">\n\t\t\t\t\t<h1 class=\"elementor-heading-title elementor-size-default\">Zalety zintegrowanych us\u0142ug zarz\u0105dzania obiektami<\/h1>\t\t\t\t<\/div>\n\t\t\t\t<\/div>\n\t\t\t\t<div class=\"elementor-element elementor-element-2550464 elementor-widget__width-initial elementor-widget elementor-widget-text-editor\" data-id=\"2550464\" data-element_type=\"widget\" data-e-type=\"widget\" data-widget_type=\"text-editor.default\">\n\t\t\t\t<div class=\"elementor-widget-container\">\n\t\t\t\t\t\t\t\t\t<ul>\n<li><strong>Jeden g\u0142os:<\/strong> Klient ma jeden punkt odniesienia i jednego dostawc\u0119.<\/li>\n<li><strong>Efektywno\u015b\u0107 operacyjna:<\/strong> bardziej efektywne zarz\u0105dzanie pozwala zoptymalizowa\u0107 czas realizacji i poprawi\u0107 produktywno\u015b\u0107.<\/li>\n<li><strong>Redukcja koszt\u00f3w:<\/strong> centralizacja us\u0142ug prowadzi do korzy\u015bci skali i bardziej ostro\u017cnego zarz\u0105dzania zasobami.<\/li>\n<li><strong>Jako\u015b\u0107 us\u0142ug:<\/strong> Zintegrowane podej\u015bcie zapewnia koordynacj\u0119 wszystkich us\u0142ug i zarz\u0105dzanie nimi zgodnie z wysokimi standardami.<\/li>\n<li><strong>Elastyczno\u015b\u0107 i zdolno\u015b\u0107 adaptacji:<\/strong> model ten pozwala na szybkie dostosowanie wszystkich us\u0142ug do zmieniaj\u0105cych si\u0119 potrzeb Klienta.<\/li>\n<li><strong>Zr\u00f3wnowa\u017cony rozw\u00f3j:<\/strong> skoordynowane podej\u015bcie u\u0142atwia wdra\u017canie zr\u00f3wnowa\u017conych praktyk.<\/li>\n<\/ul>\n\t\t\t\t\t\t\t\t<\/div>\n\t\t\t\t<\/div>\n\t\t\t\t<\/div>\n\t\t\t\t\t<\/div>\n\t\t\t\t<\/div>\n\t\t\t\t<\/div>\n\t\t","protected":false},"excerpt":{"rendered":"<p>Zintegrowane us\u0142ugi Rozwi\u0105zania Rozwi\u0105zania Zintegrowana wizja Nasz model zarz\u0105dzania integruje \u015bwiadczone przez nas us\u0142ugi w jedn\u0105 platform\u0119 zarz\u0105dzania, zamiast zarz\u0105dza\u0107 nimi oddzielnie i niezale\u017cnie. Takie podej\u015bcie pozwala na bardziej sp\u00f3jne i skoordynowane zarz\u0105dzanie dzia\u0142aniami, popraw\u0119 jako\u015bci us\u0142ug i uzyskanie znacznych oszcz\u0119dno\u015bci Rozwi\u0105zania Zalety zintegrowanych us\u0142ug zarz\u0105dzania obiektami Jeden g\u0142os: Klient ma jeden punkt odniesienia i [&hellip;]<\/p>\n","protected":false},"author":1,"featured_media":0,"parent":11578,"menu_order":2,"comment_status":"closed","ping_status":"closed","template":"elementor_header_footer","meta":{"_monsterinsights_skip_tracking":false,"_monsterinsights_sitenote_active":false,"_monsterinsights_sitenote_note":"","_monsterinsights_sitenote_category":0,"footnotes":""},"class_list":["post-11614","page","type-page","status-publish","hentry"],"yoast_head":"<!-- This site is optimized with the Yoast SEO plugin v27.0 - https:\/\/yoast.com\/product\/yoast-seo-wordpress\/ -->\n<title>Zintegrowane us\u0142ugi - ISCOT<\/title>\n<meta name=\"robots\" content=\"index, follow, max-snippet:-1, max-image-preview:large, max-video-preview:-1\" \/>\n<link rel=\"canonical\" href=\"https:\/\/www.iscot.it\/soluzioni\/servizi-integrati\/\" \/>\n<meta property=\"og:locale\" content=\"pl_PL\" \/>\n<meta property=\"og:type\" content=\"article\" \/>\n<meta property=\"og:title\" content=\"Zintegrowane us\u0142ugi - ISCOT\" \/>\n<meta property=\"og:description\" content=\"Zintegrowane us\u0142ugi Rozwi\u0105zania Rozwi\u0105zania Zintegrowana wizja Nasz model zarz\u0105dzania integruje \u015bwiadczone przez nas us\u0142ugi w jedn\u0105 platform\u0119 zarz\u0105dzania, zamiast zarz\u0105dza\u0107 nimi oddzielnie i niezale\u017cnie. Takie podej\u015bcie pozwala na bardziej sp\u00f3jne i skoordynowane zarz\u0105dzanie dzia\u0142aniami, popraw\u0119 jako\u015bci us\u0142ug i uzyskanie znacznych oszcz\u0119dno\u015bci Rozwi\u0105zania Zalety zintegrowanych us\u0142ug zarz\u0105dzania obiektami Jeden g\u0142os: Klient ma jeden punkt odniesienia i [&hellip;]\" \/>\n<meta property=\"og:url\" content=\"https:\/\/www.iscot.it\/soluzioni\/servizi-integrati\/\" \/>\n<meta property=\"og:site_name\" content=\"ISCOT\" \/>\n<meta property=\"article:modified_time\" content=\"2025-03-27T13:12:51+00:00\" \/>\n<meta name=\"twitter:card\" content=\"summary_large_image\" \/>\n<meta name=\"twitter:label1\" content=\"Szacowany czas czytania\" \/>\n\t<meta name=\"twitter:data1\" content=\"2 minuty\" \/>\n<script type=\"application\/ld+json\" class=\"yoast-schema-graph\">{\"@context\":\"https:\/\/schema.org\",\"@graph\":[{\"@type\":\"WebPage\",\"@id\":\"https:\/\/www.iscot.it\/soluzioni\/servizi-integrati\/\",\"url\":\"https:\/\/www.iscot.it\/soluzioni\/servizi-integrati\/\",\"name\":\"Zintegrowane us\u0142ugi - ISCOT\",\"isPartOf\":{\"@id\":\"https:\/\/www.iscot.it\/#website\"},\"datePublished\":\"2023-10-26T10:29:10+00:00\",\"dateModified\":\"2025-03-27T13:12:51+00:00\",\"breadcrumb\":{\"@id\":\"https:\/\/www.iscot.it\/soluzioni\/servizi-integrati\/#breadcrumb\"},\"inLanguage\":\"pl-PL\",\"potentialAction\":[{\"@type\":\"ReadAction\",\"target\":[\"https:\/\/www.iscot.it\/soluzioni\/servizi-integrati\/\"]}]},{\"@type\":\"BreadcrumbList\",\"@id\":\"https:\/\/www.iscot.it\/soluzioni\/servizi-integrati\/#breadcrumb\",\"itemListElement\":[{\"@type\":\"ListItem\",\"position\":1,\"name\":\"Home\",\"item\":\"https:\/\/www.iscot.it\/\"},{\"@type\":\"ListItem\",\"position\":2,\"name\":\"Rozwi\u0105zania\",\"item\":\"https:\/\/www.iscot.it\/soluzioni\/\"},{\"@type\":\"ListItem\",\"position\":3,\"name\":\"Zintegrowane us\u0142ugi\"}]},{\"@type\":\"WebSite\",\"@id\":\"https:\/\/www.iscot.it\/#website\",\"url\":\"https:\/\/www.iscot.it\/\",\"name\":\"ISCOT\",\"description\":\"Servizi integrati per la produzione\",\"publisher\":{\"@id\":\"https:\/\/www.iscot.it\/#organization\"},\"potentialAction\":[{\"@type\":\"SearchAction\",\"target\":{\"@type\":\"EntryPoint\",\"urlTemplate\":\"https:\/\/www.iscot.it\/?s={search_term_string}\"},\"query-input\":{\"@type\":\"PropertyValueSpecification\",\"valueRequired\":true,\"valueName\":\"search_term_string\"}}],\"inLanguage\":\"pl-PL\"},{\"@type\":\"Organization\",\"@id\":\"https:\/\/www.iscot.it\/#organization\",\"name\":\"ISCOT\",\"url\":\"https:\/\/www.iscot.it\/\",\"logo\":{\"@type\":\"ImageObject\",\"inLanguage\":\"pl-PL\",\"@id\":\"https:\/\/www.iscot.it\/#\/schema\/logo\/image\/\",\"url\":\"https:\/\/www.iscot.it\/wp-content\/uploads\/2023\/04\/ISCOT_Logo.svg\",\"contentUrl\":\"https:\/\/www.iscot.it\/wp-content\/uploads\/2023\/04\/ISCOT_Logo.svg\",\"width\":343,\"height\":85,\"caption\":\"ISCOT\"},\"image\":{\"@id\":\"https:\/\/www.iscot.it\/#\/schema\/logo\/image\/\"}}]}<\/script>\n<!-- \/ Yoast SEO plugin. -->","yoast_head_json":{"title":"Zintegrowane us\u0142ugi - ISCOT","robots":{"index":"index","follow":"follow","max-snippet":"max-snippet:-1","max-image-preview":"max-image-preview:large","max-video-preview":"max-video-preview:-1"},"canonical":"https:\/\/www.iscot.it\/soluzioni\/servizi-integrati\/","og_locale":"pl_PL","og_type":"article","og_title":"Zintegrowane us\u0142ugi - ISCOT","og_description":"Zintegrowane us\u0142ugi Rozwi\u0105zania Rozwi\u0105zania Zintegrowana wizja Nasz model zarz\u0105dzania integruje \u015bwiadczone przez nas us\u0142ugi w jedn\u0105 platform\u0119 zarz\u0105dzania, zamiast zarz\u0105dza\u0107 nimi oddzielnie i niezale\u017cnie. Takie podej\u015bcie pozwala na bardziej sp\u00f3jne i skoordynowane zarz\u0105dzanie dzia\u0142aniami, popraw\u0119 jako\u015bci us\u0142ug i uzyskanie znacznych oszcz\u0119dno\u015bci Rozwi\u0105zania Zalety zintegrowanych us\u0142ug zarz\u0105dzania obiektami Jeden g\u0142os: Klient ma jeden punkt odniesienia i [&hellip;]","og_url":"https:\/\/www.iscot.it\/soluzioni\/servizi-integrati\/","og_site_name":"ISCOT","article_modified_time":"2025-03-27T13:12:51+00:00","twitter_card":"summary_large_image","twitter_misc":{"Szacowany czas czytania":"2 minuty"},"schema":{"@context":"https:\/\/schema.org","@graph":[{"@type":"WebPage","@id":"https:\/\/www.iscot.it\/soluzioni\/servizi-integrati\/","url":"https:\/\/www.iscot.it\/soluzioni\/servizi-integrati\/","name":"Zintegrowane us\u0142ugi - ISCOT","isPartOf":{"@id":"https:\/\/www.iscot.it\/#website"},"datePublished":"2023-10-26T10:29:10+00:00","dateModified":"2025-03-27T13:12:51+00:00","breadcrumb":{"@id":"https:\/\/www.iscot.it\/soluzioni\/servizi-integrati\/#breadcrumb"},"inLanguage":"pl-PL","potentialAction":[{"@type":"ReadAction","target":["https:\/\/www.iscot.it\/soluzioni\/servizi-integrati\/"]}]},{"@type":"BreadcrumbList","@id":"https:\/\/www.iscot.it\/soluzioni\/servizi-integrati\/#breadcrumb","itemListElement":[{"@type":"ListItem","position":1,"name":"Home","item":"https:\/\/www.iscot.it\/"},{"@type":"ListItem","position":2,"name":"Rozwi\u0105zania","item":"https:\/\/www.iscot.it\/soluzioni\/"},{"@type":"ListItem","position":3,"name":"Zintegrowane us\u0142ugi"}]},{"@type":"WebSite","@id":"https:\/\/www.iscot.it\/#website","url":"https:\/\/www.iscot.it\/","name":"ISCOT","description":"Servizi integrati per la produzione","publisher":{"@id":"https:\/\/www.iscot.it\/#organization"},"potentialAction":[{"@type":"SearchAction","target":{"@type":"EntryPoint","urlTemplate":"https:\/\/www.iscot.it\/?s={search_term_string}"},"query-input":{"@type":"PropertyValueSpecification","valueRequired":true,"valueName":"search_term_string"}}],"inLanguage":"pl-PL"},{"@type":"Organization","@id":"https:\/\/www.iscot.it\/#organization","name":"ISCOT","url":"https:\/\/www.iscot.it\/","logo":{"@type":"ImageObject","inLanguage":"pl-PL","@id":"https:\/\/www.iscot.it\/#\/schema\/logo\/image\/","url":"https:\/\/www.iscot.it\/wp-content\/uploads\/2023\/04\/ISCOT_Logo.svg","contentUrl":"https:\/\/www.iscot.it\/wp-content\/uploads\/2023\/04\/ISCOT_Logo.svg","width":343,"height":85,"caption":"ISCOT"},"image":{"@id":"https:\/\/www.iscot.it\/#\/schema\/logo\/image\/"}}]}},"_links":{"self":[{"href":"https:\/\/www.iscot.it\/pl\/wp-json\/wp\/v2\/pages\/11614","targetHints":{"allow":["GET"]}}],"collection":[{"href":"https:\/\/www.iscot.it\/pl\/wp-json\/wp\/v2\/pages"}],"about":[{"href":"https:\/\/www.iscot.it\/pl\/wp-json\/wp\/v2\/types\/page"}],"author":[{"embeddable":true,"href":"https:\/\/www.iscot.it\/pl\/wp-json\/wp\/v2\/users\/1"}],"replies":[{"embeddable":true,"href":"https:\/\/www.iscot.it\/pl\/wp-json\/wp\/v2\/comments?post=11614"}],"version-history":[{"count":7,"href":"https:\/\/www.iscot.it\/pl\/wp-json\/wp\/v2\/pages\/11614\/revisions"}],"predecessor-version":[{"id":11623,"href":"https:\/\/www.iscot.it\/pl\/wp-json\/wp\/v2\/pages\/11614\/revisions\/11623"}],"up":[{"embeddable":true,"href":"https:\/\/www.iscot.it\/pl\/wp-json\/wp\/v2\/pages\/11578"}],"wp:attachment":[{"href":"https:\/\/www.iscot.it\/pl\/wp-json\/wp\/v2\/media?parent=11614"}],"curies":[{"name":"wp","href":"https:\/\/api.w.org\/{rel}","templated":true}]}}