{"id":11598,"date":"2023-10-26T12:11:18","date_gmt":"2023-10-26T10:11:18","guid":{"rendered":"https:\/\/www.iscot.it\/rozwiazania\/nasz-model-dzialania\/"},"modified":"2025-03-31T10:49:22","modified_gmt":"2025-03-31T08:49:22","slug":"nasz-model-dzialania","status":"publish","type":"page","link":"https:\/\/www.iscot.it\/pl\/rozwiazania\/nasz-model-dzialania\/","title":{"rendered":"Nasz model dzia\u0142ania"},"content":{"rendered":"\t\t<div data-elementor-type=\"wp-page\" data-elementor-id=\"11598\" class=\"elementor elementor-11598 elementor-2276\" data-elementor-post-type=\"page\">\n\t\t\t\t<div class=\"elementor-element elementor-element-70c86a7 e-flex e-con-boxed e-con e-parent\" data-id=\"70c86a7\" data-element_type=\"container\" data-e-type=\"container\" data-settings=\"{&quot;background_background&quot;:&quot;classic&quot;,&quot;sticky&quot;:&quot;top&quot;,&quot;sticky_offset&quot;:64,&quot;sticky_on&quot;:[&quot;desktop&quot;,&quot;tablet&quot;,&quot;mobile&quot;],&quot;sticky_effects_offset&quot;:0,&quot;sticky_anchor_link_offset&quot;:0}\">\n\t\t\t\t\t<div class=\"e-con-inner\">\n\t\t\t\t<div class=\"elementor-element elementor-element-acdea57 elementor-align-left elementor-widget elementor-widget-breadcrumbs\" data-id=\"acdea57\" data-element_type=\"widget\" data-e-type=\"widget\" data-widget_type=\"breadcrumbs.default\">\n\t\t\t\t<div class=\"elementor-widget-container\">\n\t\t\t\t\t<p id=\"breadcrumbs\"><span><span><a href=\"https:\/\/www.iscot.it\/\">Home<\/a><\/span><\/span><\/p>\t\t\t\t<\/div>\n\t\t\t\t<\/div>\n\t\t\t\t\t<\/div>\n\t\t\t\t<\/div>\n\t\t<div class=\"elementor-element elementor-element-348a56e elementor-hidden-tablet elementor-hidden-mobile e-flex e-con-boxed e-con e-parent\" data-id=\"348a56e\" data-element_type=\"container\" data-e-type=\"container\">\n\t\t\t\t\t<div class=\"e-con-inner\">\n\t\t<div class=\"elementor-element elementor-element-fb5230e e-flex e-con-boxed e-con e-child\" data-id=\"fb5230e\" data-element_type=\"container\" data-e-type=\"container\" data-settings=\"{&quot;background_background&quot;:&quot;classic&quot;}\">\n\t\t\t\t\t<div class=\"e-con-inner\">\n\t\t<div class=\"elementor-element elementor-element-5313873 e-flex e-con-boxed e-con e-child\" data-id=\"5313873\" data-element_type=\"container\" data-e-type=\"container\">\n\t\t\t\t\t<div class=\"e-con-inner\">\n\t\t\t\t<div class=\"elementor-element elementor-element-19376f6 elementor-widget elementor-widget-heading\" data-id=\"19376f6\" data-element_type=\"widget\" data-e-type=\"widget\" data-widget_type=\"heading.default\">\n\t\t\t\t<div class=\"elementor-widget-container\">\n\t\t\t\t\t<h1 class=\"elementor-heading-title elementor-size-default\">Nasz model dzia\u0142ania<\/h1>\t\t\t\t<\/div>\n\t\t\t\t<\/div>\n\t\t\t\t\t<\/div>\n\t\t\t\t<\/div>\n\t\t\t\t\t<\/div>\n\t\t\t\t<\/div>\n\t\t\t\t\t<\/div>\n\t\t\t\t<\/div>\n\t\t<div class=\"elementor-element elementor-element-e4345c9 elementor-hidden-desktop e-flex e-con-boxed e-con e-parent\" data-id=\"e4345c9\" data-element_type=\"container\" data-e-type=\"container\">\n\t\t\t\t\t<div class=\"e-con-inner\">\n\t\t<div class=\"elementor-element elementor-element-c2b3a86 e-flex e-con-boxed e-con e-child\" data-id=\"c2b3a86\" data-element_type=\"container\" data-e-type=\"container\" data-settings=\"{&quot;background_background&quot;:&quot;classic&quot;}\">\n\t\t\t\t\t<div class=\"e-con-inner\">\n\t\t<div class=\"elementor-element elementor-element-898a742 e-con-full e-flex e-con e-child\" data-id=\"898a742\" data-element_type=\"container\" data-e-type=\"container\">\n\t\t\t\t<div class=\"elementor-element elementor-element-67fc6a2 elementor-widget elementor-widget-heading\" data-id=\"67fc6a2\" data-element_type=\"widget\" data-e-type=\"widget\" data-widget_type=\"heading.default\">\n\t\t\t\t<div class=\"elementor-widget-container\">\n\t\t\t\t\t<h1 class=\"elementor-heading-title elementor-size-default\">Nasz model dzia\u0142ania<\/h1>\t\t\t\t<\/div>\n\t\t\t\t<\/div>\n\t\t\t\t<\/div>\n\t\t\t\t\t<\/div>\n\t\t\t\t<\/div>\n\t\t\t\t\t<\/div>\n\t\t\t\t<\/div>\n\t\t<div class=\"elementor-element elementor-element-b6060f2 e-flex e-con-boxed e-con e-parent\" data-id=\"b6060f2\" data-element_type=\"container\" data-e-type=\"container\">\n\t\t\t\t\t<div class=\"e-con-inner\">\n\t\t<div class=\"elementor-element elementor-element-9cb00f6 e-con-full e-flex e-con e-child\" data-id=\"9cb00f6\" data-element_type=\"container\" data-e-type=\"container\" data-settings=\"{&quot;background_background&quot;:&quot;classic&quot;}\">\n\t\t\t\t<div class=\"elementor-element elementor-element-6c82ca4 elementor-widget-divider--view-line_text elementor-widget-divider--element-align-left elementor-widget elementor-widget-divider\" data-id=\"6c82ca4\" data-element_type=\"widget\" data-e-type=\"widget\" data-widget_type=\"divider.default\">\n\t\t\t\t<div class=\"elementor-widget-container\">\n\t\t\t\t\t\t\t<div class=\"elementor-divider\">\n\t\t\t<span class=\"elementor-divider-separator\">\n\t\t\t\t\t\t\t<span class=\"elementor-divider__text elementor-divider__element\">\n\t\t\t\tRozwi\u0105zania\t\t\t\t<\/span>\n\t\t\t\t\t\t<\/span>\n\t\t<\/div>\n\t\t\t\t\t\t<\/div>\n\t\t\t\t<\/div>\n\t\t\t\t<div class=\"elementor-element elementor-element-40eadbb elementor-widget elementor-widget-heading\" data-id=\"40eadbb\" data-element_type=\"widget\" data-e-type=\"widget\" data-widget_type=\"heading.default\">\n\t\t\t\t<div class=\"elementor-widget-container\">\n\t\t\t\t\t<h1 class=\"elementor-heading-title elementor-size-default\">Chcemy stworzy\u0107 d\u0142ugoterminowe, wzajemnie korzystne partnerstwo z naszymi klientami<\/h1>\t\t\t\t<\/div>\n\t\t\t\t<\/div>\n\t\t\t\t<div class=\"elementor-element elementor-element-9fc745f elementor-widget elementor-widget-text-editor\" data-id=\"9fc745f\" data-element_type=\"widget\" data-e-type=\"widget\" data-widget_type=\"text-editor.default\">\n\t\t\t\t<div class=\"elementor-widget-container\">\n\t\t\t\t\t\t\t\t\t<p>Aby osi\u0105gn\u0105\u0107 ten cel, skonstruowali\u015bmy <strong>model operacyjny <\/strong>oparty na elastycznym i innowacyjnym podej\u015bciu do us\u0142ug. Zorientowany na <strong>realizacj\u0119 warto\u015bci <\/strong>przez ca\u0142y okres obowi\u0105zywania umowy.<\/p>\n\t\t\t\t\t\t\t\t<\/div>\n\t\t\t\t<\/div>\n\t\t\t\t<\/div>\n\t\t\t\t\t<\/div>\n\t\t\t\t<\/div>\n\t\t<div class=\"elementor-element elementor-element-ea50417 elementor-hidden-tablet elementor-hidden-mobile e-flex e-con-boxed e-con e-parent\" data-id=\"ea50417\" data-element_type=\"container\" data-e-type=\"container\">\n\t\t\t\t\t<div class=\"e-con-inner\">\n\t\t<div class=\"elementor-element elementor-element-f8133d2 e-con-full e-flex e-con e-child\" data-id=\"f8133d2\" data-element_type=\"container\" data-e-type=\"container\" data-settings=\"{&quot;background_background&quot;:&quot;classic&quot;}\">\n\t\t\t\t<div class=\"elementor-element elementor-element-d316898 elementor-widget-divider--view-line_text elementor-widget-divider--element-align-left elementor-widget__width-initial elementor-widget elementor-widget-divider\" data-id=\"d316898\" data-element_type=\"widget\" data-e-type=\"widget\" data-widget_type=\"divider.default\">\n\t\t\t\t<div class=\"elementor-widget-container\">\n\t\t\t\t\t\t\t<div class=\"elementor-divider\">\n\t\t\t<span class=\"elementor-divider-separator\">\n\t\t\t\t\t\t\t<span class=\"elementor-divider__text elementor-divider__element\">\n\t\t\t\tRozwi\u0105zania\t\t\t\t<\/span>\n\t\t\t\t\t\t<\/span>\n\t\t<\/div>\n\t\t\t\t\t\t<\/div>\n\t\t\t\t<\/div>\n\t\t\t\t<div class=\"elementor-element elementor-element-1fd58e6 elementor-widget__width-initial elementor-widget elementor-widget-heading\" data-id=\"1fd58e6\" data-element_type=\"widget\" data-e-type=\"widget\" data-widget_type=\"heading.default\">\n\t\t\t\t<div class=\"elementor-widget-container\">\n\t\t\t\t\t<h1 class=\"elementor-heading-title elementor-size-default\">Analiza, projektowanie i wdra\u017canie<\/h1>\t\t\t\t<\/div>\n\t\t\t\t<\/div>\n\t\t\t\t<div class=\"elementor-element elementor-element-9d75a0a elementor-widget__width-initial elementor-widget elementor-widget-text-editor\" data-id=\"9d75a0a\" data-element_type=\"widget\" data-e-type=\"widget\" data-widget_type=\"text-editor.default\">\n\t\t\t\t<div class=\"elementor-widget-container\">\n\t\t\t\t\t\t\t\t\t<p>Operacyjny model \u015bwiadczenia us\u0142ug ma kluczowe znaczenie dla zapewnienia, \u017ce firma mo\u017ce zaoferowa\u0107 <strong>wysokiej jako\u015bci<\/strong>, spersonalizowan\u0105 <strong>us\u0142ug\u0119<\/strong>, zdoln\u0105 do zaspokojenia specyficznych potrzeb klient\u00f3w, przy jednoczesnym zapewnieniu <strong>wydajno\u015bci<\/strong> i <strong>zr\u00f3wnowa\u017conego<\/strong> rozwoju.<\/p>\n<ul>\n<li>Analiza potrzeb klient\u00f3w;<\/li>\n<li>Planowanie i projektowanie;<\/li>\n<li>Wykonanie operacyjne i zarz\u0105dzanie;<\/li>\n<li>Odpowiedzialno\u015b\u0107 i KPI;<\/li>\n<li>Wsparcie i ci\u0105g\u0142e doskonalenie;<\/li>\n<li>Zr\u00f3wnowa\u017cony rozw\u00f3j i zgodno\u015b\u0107 z przepisami;<\/li>\n<li>Technologia i innowacja;<\/li>\n<li>Organizacja.<\/li>\n<\/ul>\n\t\t\t\t\t\t\t\t<\/div>\n\t\t\t\t<\/div>\n\t\t\t\t<\/div>\n\t\t<div class=\"elementor-element elementor-element-c7dddaa e-con-full e-flex e-con e-child\" data-id=\"c7dddaa\" data-element_type=\"container\" data-e-type=\"container\" data-settings=\"{&quot;background_background&quot;:&quot;classic&quot;}\">\n\t\t\t\t<\/div>\n\t\t\t\t\t<\/div>\n\t\t\t\t<\/div>\n\t\t<div class=\"elementor-element elementor-element-aaf0e19 elementor-hidden-desktop e-flex e-con-boxed e-con e-parent\" data-id=\"aaf0e19\" data-element_type=\"container\" data-e-type=\"container\">\n\t\t\t\t\t<div class=\"e-con-inner\">\n\t\t<div class=\"elementor-element elementor-element-b37bfbd e-con-full e-flex e-con e-child\" data-id=\"b37bfbd\" data-element_type=\"container\" data-e-type=\"container\" data-settings=\"{&quot;background_background&quot;:&quot;classic&quot;}\">\n\t\t\t\t<div class=\"elementor-element elementor-element-a2c6a97 elementor-widget-divider--view-line_text elementor-widget-divider--element-align-left elementor-widget__width-initial elementor-widget elementor-widget-divider\" data-id=\"a2c6a97\" data-element_type=\"widget\" data-e-type=\"widget\" data-widget_type=\"divider.default\">\n\t\t\t\t<div class=\"elementor-widget-container\">\n\t\t\t\t\t\t\t<div class=\"elementor-divider\">\n\t\t\t<span class=\"elementor-divider-separator\">\n\t\t\t\t\t\t\t<span class=\"elementor-divider__text elementor-divider__element\">\n\t\t\t\tRozwi\u0105zania\t\t\t\t<\/span>\n\t\t\t\t\t\t<\/span>\n\t\t<\/div>\n\t\t\t\t\t\t<\/div>\n\t\t\t\t<\/div>\n\t\t\t\t<div class=\"elementor-element elementor-element-2cdb8a7 elementor-widget__width-initial elementor-widget elementor-widget-heading\" data-id=\"2cdb8a7\" data-element_type=\"widget\" data-e-type=\"widget\" data-widget_type=\"heading.default\">\n\t\t\t\t<div class=\"elementor-widget-container\">\n\t\t\t\t\t<h1 class=\"elementor-heading-title elementor-size-default\">Analiza, projektowanie i wdra\u017canie<\/h1>\t\t\t\t<\/div>\n\t\t\t\t<\/div>\n\t\t\t\t<div class=\"elementor-element elementor-element-ea4238c elementor-widget__width-initial elementor-widget elementor-widget-text-editor\" data-id=\"ea4238c\" data-element_type=\"widget\" data-e-type=\"widget\" data-widget_type=\"text-editor.default\">\n\t\t\t\t<div class=\"elementor-widget-container\">\n\t\t\t\t\t\t\t\t\t<p>Operacyjny model \u015bwiadczenia us\u0142ug ma kluczowe znaczenie dla zapewnienia, \u017ce firma mo\u017ce zaoferowa\u0107 <strong>wysokiej jako\u015bci<\/strong>, spersonalizowan\u0105 <strong>us\u0142ug\u0119<\/strong>, zdoln\u0105 do zaspokojenia specyficznych potrzeb klient\u00f3w, przy jednoczesnym zapewnieniu <strong>wydajno\u015bci<\/strong> i <strong>zr\u00f3wnowa\u017conego<\/strong> rozwoju.<\/p><ul><li>Analiza potrzeb klient\u00f3w;<\/li><li>Planowanie i projektowanie;<\/li><li>Wykonanie operacyjne i zarz\u0105dzanie;<\/li><li>Odpowiedzialno\u015b\u0107 i KPI;<\/li><li>Wsparcie i ci\u0105g\u0142e doskonalenie;<\/li><li>Zr\u00f3wnowa\u017cony rozw\u00f3j i zgodno\u015b\u0107 z przepisami;<\/li><li>Technologia i innowacja;<\/li><li>Organizacja.<\/li><\/ul>\t\t\t\t\t\t\t\t<\/div>\n\t\t\t\t<\/div>\n\t\t\t\t<\/div>\n\t\t<div class=\"elementor-element elementor-element-5f2d6b3 e-con-full e-flex e-con e-child\" data-id=\"5f2d6b3\" data-element_type=\"container\" data-e-type=\"container\" data-settings=\"{&quot;background_background&quot;:&quot;classic&quot;}\">\n\t\t\t\t<\/div>\n\t\t\t\t\t<\/div>\n\t\t\t\t<\/div>\n\t\t\t\t<\/div>\n\t\t","protected":false},"excerpt":{"rendered":"<p>Nasz model dzia\u0142ania Nasz model dzia\u0142ania Rozwi\u0105zania Chcemy stworzy\u0107 d\u0142ugoterminowe, wzajemnie korzystne partnerstwo z naszymi klientami Aby osi\u0105gn\u0105\u0107 ten cel, skonstruowali\u015bmy model operacyjny oparty na elastycznym i innowacyjnym podej\u015bciu do us\u0142ug. Zorientowany na realizacj\u0119 warto\u015bci przez ca\u0142y okres obowi\u0105zywania umowy. Rozwi\u0105zania Analiza, projektowanie i wdra\u017canie Operacyjny model \u015bwiadczenia us\u0142ug ma kluczowe znaczenie dla zapewnienia, \u017ce [&hellip;]<\/p>\n","protected":false},"author":1,"featured_media":0,"parent":11578,"menu_order":1,"comment_status":"closed","ping_status":"closed","template":"elementor_header_footer","meta":{"_monsterinsights_skip_tracking":false,"_monsterinsights_sitenote_active":false,"_monsterinsights_sitenote_note":"","_monsterinsights_sitenote_category":0,"footnotes":""},"class_list":["post-11598","page","type-page","status-publish","hentry"],"yoast_head":"<!-- This site is optimized with the Yoast SEO plugin v27.0 - https:\/\/yoast.com\/product\/yoast-seo-wordpress\/ -->\n<title>Nasz model dzia\u0142ania - ISCOT<\/title>\n<meta name=\"robots\" content=\"index, follow, max-snippet:-1, max-image-preview:large, max-video-preview:-1\" \/>\n<link rel=\"canonical\" href=\"https:\/\/www.iscot.it\/soluzioni\/il-nostro-modello-operativo\/\" \/>\n<meta property=\"og:locale\" content=\"pl_PL\" \/>\n<meta property=\"og:type\" content=\"article\" \/>\n<meta property=\"og:title\" content=\"Nasz model dzia\u0142ania - ISCOT\" \/>\n<meta property=\"og:description\" content=\"Nasz model dzia\u0142ania Nasz model dzia\u0142ania Rozwi\u0105zania Chcemy stworzy\u0107 d\u0142ugoterminowe, wzajemnie korzystne partnerstwo z naszymi klientami Aby osi\u0105gn\u0105\u0107 ten cel, skonstruowali\u015bmy model operacyjny oparty na elastycznym i innowacyjnym podej\u015bciu do us\u0142ug. Zorientowany na realizacj\u0119 warto\u015bci przez ca\u0142y okres obowi\u0105zywania umowy. Rozwi\u0105zania Analiza, projektowanie i wdra\u017canie Operacyjny model \u015bwiadczenia us\u0142ug ma kluczowe znaczenie dla zapewnienia, \u017ce [&hellip;]\" \/>\n<meta property=\"og:url\" content=\"https:\/\/www.iscot.it\/soluzioni\/il-nostro-modello-operativo\/\" \/>\n<meta property=\"og:site_name\" content=\"ISCOT\" \/>\n<meta property=\"article:modified_time\" content=\"2025-03-31T08:49:22+00:00\" \/>\n<meta name=\"twitter:card\" content=\"summary_large_image\" \/>\n<meta name=\"twitter:label1\" content=\"Szacowany czas czytania\" \/>\n\t<meta name=\"twitter:data1\" content=\"1 minuta\" \/>\n<script type=\"application\/ld+json\" class=\"yoast-schema-graph\">{\"@context\":\"https:\/\/schema.org\",\"@graph\":[{\"@type\":\"WebPage\",\"@id\":\"https:\/\/www.iscot.it\/soluzioni\/il-nostro-modello-operativo\/\",\"url\":\"https:\/\/www.iscot.it\/soluzioni\/il-nostro-modello-operativo\/\",\"name\":\"Nasz model dzia\u0142ania - ISCOT\",\"isPartOf\":{\"@id\":\"https:\/\/www.iscot.it\/#website\"},\"datePublished\":\"2023-10-26T10:11:18+00:00\",\"dateModified\":\"2025-03-31T08:49:22+00:00\",\"breadcrumb\":{\"@id\":\"https:\/\/www.iscot.it\/soluzioni\/il-nostro-modello-operativo\/#breadcrumb\"},\"inLanguage\":\"pl-PL\",\"potentialAction\":[{\"@type\":\"ReadAction\",\"target\":[\"https:\/\/www.iscot.it\/soluzioni\/il-nostro-modello-operativo\/\"]}]},{\"@type\":\"BreadcrumbList\",\"@id\":\"https:\/\/www.iscot.it\/soluzioni\/il-nostro-modello-operativo\/#breadcrumb\",\"itemListElement\":[{\"@type\":\"ListItem\",\"position\":1,\"name\":\"Home\",\"item\":\"https:\/\/www.iscot.it\/\"},{\"@type\":\"ListItem\",\"position\":2,\"name\":\"Rozwi\u0105zania\",\"item\":\"https:\/\/www.iscot.it\/soluzioni\/\"},{\"@type\":\"ListItem\",\"position\":3,\"name\":\"Nasz model dzia\u0142ania\"}]},{\"@type\":\"WebSite\",\"@id\":\"https:\/\/www.iscot.it\/#website\",\"url\":\"https:\/\/www.iscot.it\/\",\"name\":\"ISCOT\",\"description\":\"Servizi integrati per la produzione\",\"publisher\":{\"@id\":\"https:\/\/www.iscot.it\/#organization\"},\"potentialAction\":[{\"@type\":\"SearchAction\",\"target\":{\"@type\":\"EntryPoint\",\"urlTemplate\":\"https:\/\/www.iscot.it\/?s={search_term_string}\"},\"query-input\":{\"@type\":\"PropertyValueSpecification\",\"valueRequired\":true,\"valueName\":\"search_term_string\"}}],\"inLanguage\":\"pl-PL\"},{\"@type\":\"Organization\",\"@id\":\"https:\/\/www.iscot.it\/#organization\",\"name\":\"ISCOT\",\"url\":\"https:\/\/www.iscot.it\/\",\"logo\":{\"@type\":\"ImageObject\",\"inLanguage\":\"pl-PL\",\"@id\":\"https:\/\/www.iscot.it\/#\/schema\/logo\/image\/\",\"url\":\"https:\/\/www.iscot.it\/wp-content\/uploads\/2023\/04\/ISCOT_Logo.svg\",\"contentUrl\":\"https:\/\/www.iscot.it\/wp-content\/uploads\/2023\/04\/ISCOT_Logo.svg\",\"width\":343,\"height\":85,\"caption\":\"ISCOT\"},\"image\":{\"@id\":\"https:\/\/www.iscot.it\/#\/schema\/logo\/image\/\"}}]}<\/script>\n<!-- \/ Yoast SEO plugin. -->","yoast_head_json":{"title":"Nasz model dzia\u0142ania - ISCOT","robots":{"index":"index","follow":"follow","max-snippet":"max-snippet:-1","max-image-preview":"max-image-preview:large","max-video-preview":"max-video-preview:-1"},"canonical":"https:\/\/www.iscot.it\/soluzioni\/il-nostro-modello-operativo\/","og_locale":"pl_PL","og_type":"article","og_title":"Nasz model dzia\u0142ania - ISCOT","og_description":"Nasz model dzia\u0142ania Nasz model dzia\u0142ania Rozwi\u0105zania Chcemy stworzy\u0107 d\u0142ugoterminowe, wzajemnie korzystne partnerstwo z naszymi klientami Aby osi\u0105gn\u0105\u0107 ten cel, skonstruowali\u015bmy model operacyjny oparty na elastycznym i innowacyjnym podej\u015bciu do us\u0142ug. Zorientowany na realizacj\u0119 warto\u015bci przez ca\u0142y okres obowi\u0105zywania umowy. Rozwi\u0105zania Analiza, projektowanie i wdra\u017canie Operacyjny model \u015bwiadczenia us\u0142ug ma kluczowe znaczenie dla zapewnienia, \u017ce [&hellip;]","og_url":"https:\/\/www.iscot.it\/soluzioni\/il-nostro-modello-operativo\/","og_site_name":"ISCOT","article_modified_time":"2025-03-31T08:49:22+00:00","twitter_card":"summary_large_image","twitter_misc":{"Szacowany czas czytania":"1 minuta"},"schema":{"@context":"https:\/\/schema.org","@graph":[{"@type":"WebPage","@id":"https:\/\/www.iscot.it\/soluzioni\/il-nostro-modello-operativo\/","url":"https:\/\/www.iscot.it\/soluzioni\/il-nostro-modello-operativo\/","name":"Nasz model dzia\u0142ania - ISCOT","isPartOf":{"@id":"https:\/\/www.iscot.it\/#website"},"datePublished":"2023-10-26T10:11:18+00:00","dateModified":"2025-03-31T08:49:22+00:00","breadcrumb":{"@id":"https:\/\/www.iscot.it\/soluzioni\/il-nostro-modello-operativo\/#breadcrumb"},"inLanguage":"pl-PL","potentialAction":[{"@type":"ReadAction","target":["https:\/\/www.iscot.it\/soluzioni\/il-nostro-modello-operativo\/"]}]},{"@type":"BreadcrumbList","@id":"https:\/\/www.iscot.it\/soluzioni\/il-nostro-modello-operativo\/#breadcrumb","itemListElement":[{"@type":"ListItem","position":1,"name":"Home","item":"https:\/\/www.iscot.it\/"},{"@type":"ListItem","position":2,"name":"Rozwi\u0105zania","item":"https:\/\/www.iscot.it\/soluzioni\/"},{"@type":"ListItem","position":3,"name":"Nasz model dzia\u0142ania"}]},{"@type":"WebSite","@id":"https:\/\/www.iscot.it\/#website","url":"https:\/\/www.iscot.it\/","name":"ISCOT","description":"Servizi integrati per la produzione","publisher":{"@id":"https:\/\/www.iscot.it\/#organization"},"potentialAction":[{"@type":"SearchAction","target":{"@type":"EntryPoint","urlTemplate":"https:\/\/www.iscot.it\/?s={search_term_string}"},"query-input":{"@type":"PropertyValueSpecification","valueRequired":true,"valueName":"search_term_string"}}],"inLanguage":"pl-PL"},{"@type":"Organization","@id":"https:\/\/www.iscot.it\/#organization","name":"ISCOT","url":"https:\/\/www.iscot.it\/","logo":{"@type":"ImageObject","inLanguage":"pl-PL","@id":"https:\/\/www.iscot.it\/#\/schema\/logo\/image\/","url":"https:\/\/www.iscot.it\/wp-content\/uploads\/2023\/04\/ISCOT_Logo.svg","contentUrl":"https:\/\/www.iscot.it\/wp-content\/uploads\/2023\/04\/ISCOT_Logo.svg","width":343,"height":85,"caption":"ISCOT"},"image":{"@id":"https:\/\/www.iscot.it\/#\/schema\/logo\/image\/"}}]}},"_links":{"self":[{"href":"https:\/\/www.iscot.it\/pl\/wp-json\/wp\/v2\/pages\/11598","targetHints":{"allow":["GET"]}}],"collection":[{"href":"https:\/\/www.iscot.it\/pl\/wp-json\/wp\/v2\/pages"}],"about":[{"href":"https:\/\/www.iscot.it\/pl\/wp-json\/wp\/v2\/types\/page"}],"author":[{"embeddable":true,"href":"https:\/\/www.iscot.it\/pl\/wp-json\/wp\/v2\/users\/1"}],"replies":[{"embeddable":true,"href":"https:\/\/www.iscot.it\/pl\/wp-json\/wp\/v2\/comments?post=11598"}],"version-history":[{"count":13,"href":"https:\/\/www.iscot.it\/pl\/wp-json\/wp\/v2\/pages\/11598\/revisions"}],"predecessor-version":[{"id":12087,"href":"https:\/\/www.iscot.it\/pl\/wp-json\/wp\/v2\/pages\/11598\/revisions\/12087"}],"up":[{"embeddable":true,"href":"https:\/\/www.iscot.it\/pl\/wp-json\/wp\/v2\/pages\/11578"}],"wp:attachment":[{"href":"https:\/\/www.iscot.it\/pl\/wp-json\/wp\/v2\/media?parent=11598"}],"curies":[{"name":"wp","href":"https:\/\/api.w.org\/{rel}","templated":true}]}}