{"id":11346,"date":"2023-10-26T10:47:23","date_gmt":"2023-10-26T08:47:23","guid":{"rendered":"https:\/\/www.iscot.it\/kim-jestesmy\/zgodnosc-korporacyjna\/zglaszanie-nieprawidlowosci-i-raporty-sa8000\/"},"modified":"2025-04-11T11:29:57","modified_gmt":"2025-04-11T09:29:57","slug":"zglaszanie-nieprawidlowosci-i-raporty-sa8000","status":"publish","type":"page","link":"https:\/\/www.iscot.it\/pl\/kim-jestesmy\/zgodnosc-korporacyjna\/zglaszanie-nieprawidlowosci-i-raporty-sa8000\/","title":{"rendered":"Zg\u0142aszanie nieprawid\u0142owo\u015bci i raporty SA8000"},"content":{"rendered":"\t\t<div data-elementor-type=\"wp-page\" data-elementor-id=\"11346\" class=\"elementor elementor-11346 elementor-2166\" data-elementor-post-type=\"page\">\n\t\t\t\t<div class=\"elementor-element elementor-element-8797cf4 e-flex e-con-boxed e-con e-parent\" data-id=\"8797cf4\" data-element_type=\"container\" data-e-type=\"container\" data-settings=\"{&quot;background_background&quot;:&quot;classic&quot;,&quot;sticky&quot;:&quot;top&quot;,&quot;sticky_offset&quot;:64,&quot;sticky_on&quot;:[&quot;desktop&quot;,&quot;tablet&quot;,&quot;mobile&quot;],&quot;sticky_effects_offset&quot;:0,&quot;sticky_anchor_link_offset&quot;:0}\">\n\t\t\t\t\t<div class=\"e-con-inner\">\n\t\t\t\t<div class=\"elementor-element elementor-element-233062e elementor-align-left elementor-widget elementor-widget-breadcrumbs\" data-id=\"233062e\" data-element_type=\"widget\" data-e-type=\"widget\" data-widget_type=\"breadcrumbs.default\">\n\t\t\t\t<div class=\"elementor-widget-container\">\n\t\t\t\t\t<p id=\"breadcrumbs\"><span><span><a href=\"https:\/\/www.iscot.it\/\">Home<\/a><\/span><\/span><\/p>\t\t\t\t<\/div>\n\t\t\t\t<\/div>\n\t\t\t\t\t<\/div>\n\t\t\t\t<\/div>\n\t\t<div class=\"elementor-element elementor-element-b6060f2 e-flex e-con-boxed e-con e-parent\" data-id=\"b6060f2\" data-element_type=\"container\" data-e-type=\"container\">\n\t\t\t\t\t<div class=\"e-con-inner\">\n\t\t<div class=\"elementor-element elementor-element-82b2c54 e-con-full e-flex e-con e-child\" data-id=\"82b2c54\" data-element_type=\"container\" data-e-type=\"container\" data-settings=\"{&quot;background_background&quot;:&quot;classic&quot;}\">\n\t\t\t\t<div class=\"elementor-element elementor-element-a841c4c elementor-widget-divider--view-line_text elementor-widget-divider--element-align-left elementor-widget elementor-widget-divider\" data-id=\"a841c4c\" data-element_type=\"widget\" data-e-type=\"widget\" data-widget_type=\"divider.default\">\n\t\t\t\t<div class=\"elementor-widget-container\">\n\t\t\t\t\t\t\t<div class=\"elementor-divider\">\n\t\t\t<span class=\"elementor-divider-separator\">\n\t\t\t\t\t\t\t<span class=\"elementor-divider__text elementor-divider__element\">\n\t\t\t\tZgodno\u015b\u0107 \t\t\t\t<\/span>\n\t\t\t\t\t\t<\/span>\n\t\t<\/div>\n\t\t\t\t\t\t<\/div>\n\t\t\t\t<\/div>\n\t\t\t\t<div class=\"elementor-element elementor-element-9759ad4 elementor-widget elementor-widget-heading\" data-id=\"9759ad4\" data-element_type=\"widget\" data-e-type=\"widget\" data-widget_type=\"heading.default\">\n\t\t\t\t<div class=\"elementor-widget-container\">\n\t\t\t\t\t<h1 class=\"elementor-heading-title elementor-size-default\">Zg\u0142aszanie nieprawid\u0142owo\u015bci i raporty SA8000<\/h1>\t\t\t\t<\/div>\n\t\t\t\t<\/div>\n\t\t\t\t<div class=\"elementor-element elementor-element-14b8994 elementor-widget elementor-widget-text-editor\" data-id=\"14b8994\" data-element_type=\"widget\" data-e-type=\"widget\" data-widget_type=\"text-editor.default\">\n\t\t\t\t<div class=\"elementor-widget-container\">\n\t\t\t\t\t\t\t\t\t<p>U\u017cyj tego formularza, aby wys\u0142a\u0107 <strong>zg\u0142oszenie sygnalizacyjne lub raport SA8000<\/strong>:<\/p>\n\t\t\t\t\t\t\t\t<\/div>\n\t\t\t\t<\/div>\n\t\t\t\t<div class=\"elementor-element elementor-element-75be6fe elementor-button-align-end elementor-tablet-button-align-stretch elementor-widget elementor-widget-form\" data-id=\"75be6fe\" data-element_type=\"widget\" data-e-type=\"widget\" data-settings=\"{&quot;step_next_label&quot;:&quot;Nast\\u0119pny&quot;,&quot;step_previous_label&quot;:&quot;Poprzedni&quot;,&quot;button_width&quot;:&quot;100&quot;,&quot;step_type&quot;:&quot;number_text&quot;,&quot;step_icon_shape&quot;:&quot;circle&quot;}\" data-widget_type=\"form.default\">\n\t\t\t\t<div class=\"elementor-widget-container\">\n\t\t\t\t\t\t\t<form class=\"elementor-form\" method=\"post\" name=\"Kontakt\" aria-label=\"Kontakt\">\n\t\t\t<input type=\"hidden\" name=\"post_id\" value=\"11346\"\/>\n\t\t\t<input type=\"hidden\" name=\"form_id\" value=\"75be6fe\"\/>\n\t\t\t<input type=\"hidden\" name=\"referer_title\" value=\"Zg\u0142aszanie nieprawid\u0142owo\u015bci i raporty SA8000 - ISCOT\" \/>\n\n\t\t\t\t\t\t\t<input type=\"hidden\" name=\"queried_id\" value=\"11346\"\/>\n\t\t\t\n\t\t\t<div class=\"elementor-form-fields-wrapper elementor-labels-\">\n\t\t\t\t\t\t\t\t<div class=\"elementor-field-type-text elementor-field-group elementor-column elementor-field-group-name elementor-col-100 elementor-field-required\">\n\t\t\t\t\t\t\t\t\t\t\t\t<label for=\"form-field-name\" class=\"elementor-field-label elementor-screen-only\">\n\t\t\t\t\t\t\t\tImi\u0119\t\t\t\t\t\t\t<\/label>\n\t\t\t\t\t\t\t\t\t\t\t\t\t\t<input size=\"1\" type=\"text\" name=\"form_fields[name]\" id=\"form-field-name\" class=\"elementor-field elementor-size-sm  elementor-field-textual\" placeholder=\"Imi\u0119\" required=\"required\">\n\t\t\t\t\t\t\t\t\t\t\t<\/div>\n\t\t\t\t\t\t\t\t<div class=\"elementor-field-type-text elementor-field-group elementor-column elementor-field-group-cognome elementor-col-100 elementor-field-required\">\n\t\t\t\t\t\t\t\t\t\t\t\t<label for=\"form-field-cognome\" class=\"elementor-field-label elementor-screen-only\">\n\t\t\t\t\t\t\t\tNazwisko\t\t\t\t\t\t\t<\/label>\n\t\t\t\t\t\t\t\t\t\t\t\t\t\t<input size=\"1\" type=\"text\" name=\"form_fields[cognome]\" id=\"form-field-cognome\" class=\"elementor-field elementor-size-sm  elementor-field-textual\" placeholder=\"Nazwisko\" required=\"required\">\n\t\t\t\t\t\t\t\t\t\t\t<\/div>\n\t\t\t\t\t\t\t\t<div class=\"elementor-field-type-email elementor-field-group elementor-column elementor-field-group-field_abbba3e elementor-col-100 elementor-field-required\">\n\t\t\t\t\t\t\t\t\t\t\t\t<label for=\"form-field-field_abbba3e\" class=\"elementor-field-label elementor-screen-only\">\n\t\t\t\t\t\t\t\tEmail\t\t\t\t\t\t\t<\/label>\n\t\t\t\t\t\t\t\t\t\t\t\t\t\t<input size=\"1\" type=\"email\" name=\"form_fields[field_abbba3e]\" id=\"form-field-field_abbba3e\" class=\"elementor-field elementor-size-sm  elementor-field-textual\" placeholder=\"Email\" required=\"required\">\n\t\t\t\t\t\t\t\t\t\t\t<\/div>\n\t\t\t\t\t\t\t\t<div class=\"elementor-field-type-tel elementor-field-group elementor-column elementor-field-group-telefono elementor-col-100\">\n\t\t\t\t\t\t\t\t\t\t\t\t<label for=\"form-field-telefono\" class=\"elementor-field-label elementor-screen-only\">\n\t\t\t\t\t\t\t\tTelefon\t\t\t\t\t\t\t<\/label>\n\t\t\t\t\t\t\t\t<input size=\"1\" type=\"tel\" name=\"form_fields[telefono]\" id=\"form-field-telefono\" class=\"elementor-field elementor-size-sm  elementor-field-textual\" placeholder=\"Telefon\" pattern=\"[0-9()#&amp;+*-=.]+\" title=\"Akceptowane s\u0105 jedynie cyfry i znaki telefoniczne (#,-,*).\">\n\n\t\t\t\t\t\t<\/div>\n\t\t\t\t\t\t\t\t<div class=\"elementor-field-type-text elementor-field-group elementor-column elementor-field-group-titolo_segnalazione elementor-col-100 elementor-field-required\">\n\t\t\t\t\t\t\t\t\t\t\t\t<label for=\"form-field-titolo_segnalazione\" class=\"elementor-field-label elementor-screen-only\">\n\t\t\t\t\t\t\t\tTytu\u0142 raportu\t\t\t\t\t\t\t<\/label>\n\t\t\t\t\t\t\t\t\t\t\t\t\t\t<input size=\"1\" type=\"text\" name=\"form_fields[titolo_segnalazione]\" id=\"form-field-titolo_segnalazione\" class=\"elementor-field elementor-size-sm  elementor-field-textual\" placeholder=\"Tytu\u0142 raportu\" required=\"required\">\n\t\t\t\t\t\t\t\t\t\t\t<\/div>\n\t\t\t\t\t\t\t\t<div class=\"elementor-field-type-textarea elementor-field-group elementor-column elementor-field-group-oggetto_segnalazione elementor-col-100 elementor-field-required\">\n\t\t\t\t\t\t\t\t\t\t\t\t<label for=\"form-field-oggetto_segnalazione\" class=\"elementor-field-label elementor-screen-only\">\n\t\t\t\t\t\t\t\tTemat raportu (wymagane)\t\t\t\t\t\t\t<\/label>\n\t\t\t\t\t\t<textarea class=\"elementor-field-textual elementor-field  elementor-size-sm\" name=\"form_fields[oggetto_segnalazione]\" id=\"form-field-oggetto_segnalazione\" rows=\"5\" placeholder=\"Temat raportu (wymagane)\" required=\"required\"><\/textarea>\t\t\t\t<\/div>\n\t\t\t\t\t\t\t\t<div class=\"elementor-field-type-html elementor-field-group elementor-column elementor-field-group-field_e708a2e elementor-col-100\">\n\t\t\t\t\tZa\u0142\u0105cz plik (tylko pliki .pdf, maks. 2 MB):\t\t\t\t<\/div>\n\t\t\t\t\t\t\t\t<div class=\"elementor-field-type-upload elementor-field-group elementor-column elementor-field-group-field_f2de7f1 elementor-col-100 elementor-field-required\">\n\t\t\t\t\t\t\t\t\t\t\t\t<label for=\"form-field-field_f2de7f1\" class=\"elementor-field-label elementor-screen-only\">\n\t\t\t\t\t\t\t\tZa\u0142\u0105cz plik (tylko pliki .pdf, maks. 2 MB):\t\t\t\t\t\t\t<\/label>\n\t\t\t\t\t\t\t\t<input type=\"file\" name=\"form_fields[field_f2de7f1]\" id=\"form-field-field_f2de7f1\" class=\"elementor-field elementor-size-sm  elementor-upload-field\" required=\"required\" data-maxsize=\"5\" data-maxsize-message=\"Rozmiar pliku przekracza dozwolony rozmiar.\">\n\n\t\t\t\t\t\t<\/div>\n\t\t\t\t\t\t\t\t<div class=\"elementor-field-type-acceptance elementor-field-group elementor-column elementor-field-group-field_b4af7c7 elementor-col-100 elementor-field-required\">\n\t\t\t\t\t\t\t\t\t\t\t\t<label for=\"form-field-field_b4af7c7\" class=\"elementor-field-label elementor-screen-only\">\n\t\t\t\t\t\t\t\tAkceptuj\u0119 informacje o prywatno\u015bci*:\t\t\t\t\t\t\t<\/label>\n\t\t\t\t\t\t\t\t<div class=\"elementor-field-subgroup\">\n\t\t\t<span class=\"elementor-field-option\">\n\t\t\t\t<input type=\"checkbox\" name=\"form_fields[field_b4af7c7]\" id=\"form-field-field_b4af7c7\" class=\"elementor-field elementor-size-sm  elementor-acceptance-field\" required=\"required\">\n\t\t\t\t<label for=\"form-field-field_b4af7c7\">Akceptuj\u0119 <b><a href=\"\/pl\/informacje-o-prywatnosci\/\" target=\"_blank\">informacje o prywatnosci<\/a><\/b><\/label>\t\t\t<\/span>\n\t\t<\/div>\n\t\t\t\t\t\t<\/div>\n\t\t\t\t\t\t\t\t<div class=\"elementor-field-type-recaptcha elementor-field-group elementor-column elementor-field-group-field_ae8ea01 elementor-col-100\">\n\t\t\t\t\t<div class=\"elementor-field\" id=\"form-field-field_ae8ea01\"><div class=\"elementor-g-recaptcha\" data-sitekey=\"6LfxwRoqAAAAAJ654kYFlRskYd7sr-WLQSkRlhj5\" data-type=\"v2_checkbox\" data-theme=\"light\" data-size=\"normal\"><\/div><\/div>\t\t\t\t<\/div>\n\t\t\t\t\t\t\t\t<div class=\"elementor-field-group elementor-column elementor-field-type-submit elementor-col-100 e-form__buttons\">\n\t\t\t\t\t<button class=\"elementor-button elementor-size-sm\" type=\"submit\">\n\t\t\t\t\t\t<span class=\"elementor-button-content-wrapper\">\n\t\t\t\t\t\t\t\t\t\t\t\t\t\t\t<span class=\"elementor-button-icon\">\n\t\t\t\t\t\t\t\t\t<svg aria-hidden=\"true\" class=\"e-font-icon-svg e-fas-long-arrow-alt-right\" viewBox=\"0 0 448 512\" xmlns=\"http:\/\/www.w3.org\/2000\/svg\"><path d=\"M313.941 216H12c-6.627 0-12 5.373-12 12v56c0 6.627 5.373 12 12 12h301.941v46.059c0 21.382 25.851 32.09 40.971 16.971l86.059-86.059c9.373-9.373 9.373-24.569 0-33.941l-86.059-86.059c-15.119-15.119-40.971-4.411-40.971 16.971V216z\"><\/path><\/svg>\t\t\t\t\t\t\t\t\t\t\t\t\t\t\t\t\t<\/span>\n\t\t\t\t\t\t\t\t\t\t\t\t\t\t\t\t\t\t\t\t\t\t<span class=\"elementor-button-text\">Wy\u015blij raport<\/span>\n\t\t\t\t\t\t\t\t\t\t\t\t\t<\/span>\n\t\t\t\t\t<\/button>\n\t\t\t\t<\/div>\n\t\t\t<\/div>\n\t\t<\/form>\n\t\t\t\t\t\t<\/div>\n\t\t\t\t<\/div>\n\t\t\t\t<\/div>\n\t\t\t\t\t<\/div>\n\t\t\t\t<\/div>\n\t\t\t\t<\/div>\n\t\t","protected":false},"excerpt":{"rendered":"<p>Zgodno\u015b\u0107 Zg\u0142aszanie nieprawid\u0142owo\u015bci i raporty SA8000 U\u017cyj tego formularza, aby wys\u0142a\u0107 zg\u0142oszenie sygnalizacyjne lub raport SA8000:<\/p>\n","protected":false},"author":1,"featured_media":0,"parent":11332,"menu_order":1,"comment_status":"closed","ping_status":"closed","template":"elementor_header_footer","meta":{"_monsterinsights_skip_tracking":false,"_monsterinsights_sitenote_active":false,"_monsterinsights_sitenote_note":"","_monsterinsights_sitenote_category":0,"footnotes":""},"class_list":["post-11346","page","type-page","status-publish","hentry"],"yoast_head":"<!-- This site is optimized with the Yoast SEO plugin v27.0 - https:\/\/yoast.com\/product\/yoast-seo-wordpress\/ -->\n<title>Zg\u0142aszanie nieprawid\u0142owo\u015bci i raporty SA8000 - ISCOT<\/title>\n<meta name=\"robots\" content=\"index, follow, max-snippet:-1, max-image-preview:large, max-video-preview:-1\" \/>\n<link rel=\"canonical\" href=\"https:\/\/www.iscot.it\/chi-siamo\/compliance-aziendale\/segnalazioni-di-whistleblowing\/\" \/>\n<meta property=\"og:locale\" content=\"pl_PL\" \/>\n<meta property=\"og:type\" content=\"article\" \/>\n<meta property=\"og:title\" content=\"Zg\u0142aszanie nieprawid\u0142owo\u015bci i raporty SA8000 - ISCOT\" \/>\n<meta property=\"og:description\" content=\"Zgodno\u015b\u0107 Zg\u0142aszanie nieprawid\u0142owo\u015bci i raporty SA8000 U\u017cyj tego formularza, aby wys\u0142a\u0107 zg\u0142oszenie sygnalizacyjne lub raport SA8000:\" \/>\n<meta property=\"og:url\" content=\"https:\/\/www.iscot.it\/chi-siamo\/compliance-aziendale\/segnalazioni-di-whistleblowing\/\" \/>\n<meta property=\"og:site_name\" content=\"ISCOT\" \/>\n<meta property=\"article:modified_time\" content=\"2025-04-11T09:29:57+00:00\" \/>\n<meta name=\"twitter:card\" content=\"summary_large_image\" \/>\n<meta name=\"twitter:label1\" content=\"Szacowany czas czytania\" \/>\n\t<meta name=\"twitter:data1\" content=\"1 minuta\" \/>\n<script type=\"application\/ld+json\" class=\"yoast-schema-graph\">{\"@context\":\"https:\/\/schema.org\",\"@graph\":[{\"@type\":\"WebPage\",\"@id\":\"https:\/\/www.iscot.it\/chi-siamo\/compliance-aziendale\/segnalazioni-di-whistleblowing\/\",\"url\":\"https:\/\/www.iscot.it\/chi-siamo\/compliance-aziendale\/segnalazioni-di-whistleblowing\/\",\"name\":\"Zg\u0142aszanie nieprawid\u0142owo\u015bci i raporty SA8000 - ISCOT\",\"isPartOf\":{\"@id\":\"https:\/\/www.iscot.it\/#website\"},\"datePublished\":\"2023-10-26T08:47:23+00:00\",\"dateModified\":\"2025-04-11T09:29:57+00:00\",\"breadcrumb\":{\"@id\":\"https:\/\/www.iscot.it\/chi-siamo\/compliance-aziendale\/segnalazioni-di-whistleblowing\/#breadcrumb\"},\"inLanguage\":\"pl-PL\",\"potentialAction\":[{\"@type\":\"ReadAction\",\"target\":[\"https:\/\/www.iscot.it\/chi-siamo\/compliance-aziendale\/segnalazioni-di-whistleblowing\/\"]}]},{\"@type\":\"BreadcrumbList\",\"@id\":\"https:\/\/www.iscot.it\/chi-siamo\/compliance-aziendale\/segnalazioni-di-whistleblowing\/#breadcrumb\",\"itemListElement\":[{\"@type\":\"ListItem\",\"position\":1,\"name\":\"Home\",\"item\":\"https:\/\/www.iscot.it\/\"},{\"@type\":\"ListItem\",\"position\":2,\"name\":\"Kim jeste\u015bmy\",\"item\":\"https:\/\/www.iscot.it\/chi-siamo\/\"},{\"@type\":\"ListItem\",\"position\":3,\"name\":\"Zgodno\u015b\u0107 korporacyjna\",\"item\":\"https:\/\/www.iscot.it\/chi-siamo\/compliance-aziendale\/\"},{\"@type\":\"ListItem\",\"position\":4,\"name\":\"Zg\u0142aszanie nieprawid\u0142owo\u015bci i raporty SA8000\"}]},{\"@type\":\"WebSite\",\"@id\":\"https:\/\/www.iscot.it\/#website\",\"url\":\"https:\/\/www.iscot.it\/\",\"name\":\"ISCOT\",\"description\":\"Servizi integrati per la produzione\",\"publisher\":{\"@id\":\"https:\/\/www.iscot.it\/#organization\"},\"potentialAction\":[{\"@type\":\"SearchAction\",\"target\":{\"@type\":\"EntryPoint\",\"urlTemplate\":\"https:\/\/www.iscot.it\/?s={search_term_string}\"},\"query-input\":{\"@type\":\"PropertyValueSpecification\",\"valueRequired\":true,\"valueName\":\"search_term_string\"}}],\"inLanguage\":\"pl-PL\"},{\"@type\":\"Organization\",\"@id\":\"https:\/\/www.iscot.it\/#organization\",\"name\":\"ISCOT\",\"url\":\"https:\/\/www.iscot.it\/\",\"logo\":{\"@type\":\"ImageObject\",\"inLanguage\":\"pl-PL\",\"@id\":\"https:\/\/www.iscot.it\/#\/schema\/logo\/image\/\",\"url\":\"https:\/\/www.iscot.it\/wp-content\/uploads\/2023\/04\/ISCOT_Logo.svg\",\"contentUrl\":\"https:\/\/www.iscot.it\/wp-content\/uploads\/2023\/04\/ISCOT_Logo.svg\",\"width\":343,\"height\":85,\"caption\":\"ISCOT\"},\"image\":{\"@id\":\"https:\/\/www.iscot.it\/#\/schema\/logo\/image\/\"}}]}<\/script>\n<!-- \/ Yoast SEO plugin. -->","yoast_head_json":{"title":"Zg\u0142aszanie nieprawid\u0142owo\u015bci i raporty SA8000 - ISCOT","robots":{"index":"index","follow":"follow","max-snippet":"max-snippet:-1","max-image-preview":"max-image-preview:large","max-video-preview":"max-video-preview:-1"},"canonical":"https:\/\/www.iscot.it\/chi-siamo\/compliance-aziendale\/segnalazioni-di-whistleblowing\/","og_locale":"pl_PL","og_type":"article","og_title":"Zg\u0142aszanie nieprawid\u0142owo\u015bci i raporty SA8000 - ISCOT","og_description":"Zgodno\u015b\u0107 Zg\u0142aszanie nieprawid\u0142owo\u015bci i raporty SA8000 U\u017cyj tego formularza, aby wys\u0142a\u0107 zg\u0142oszenie sygnalizacyjne lub raport SA8000:","og_url":"https:\/\/www.iscot.it\/chi-siamo\/compliance-aziendale\/segnalazioni-di-whistleblowing\/","og_site_name":"ISCOT","article_modified_time":"2025-04-11T09:29:57+00:00","twitter_card":"summary_large_image","twitter_misc":{"Szacowany czas czytania":"1 minuta"},"schema":{"@context":"https:\/\/schema.org","@graph":[{"@type":"WebPage","@id":"https:\/\/www.iscot.it\/chi-siamo\/compliance-aziendale\/segnalazioni-di-whistleblowing\/","url":"https:\/\/www.iscot.it\/chi-siamo\/compliance-aziendale\/segnalazioni-di-whistleblowing\/","name":"Zg\u0142aszanie nieprawid\u0142owo\u015bci i raporty SA8000 - ISCOT","isPartOf":{"@id":"https:\/\/www.iscot.it\/#website"},"datePublished":"2023-10-26T08:47:23+00:00","dateModified":"2025-04-11T09:29:57+00:00","breadcrumb":{"@id":"https:\/\/www.iscot.it\/chi-siamo\/compliance-aziendale\/segnalazioni-di-whistleblowing\/#breadcrumb"},"inLanguage":"pl-PL","potentialAction":[{"@type":"ReadAction","target":["https:\/\/www.iscot.it\/chi-siamo\/compliance-aziendale\/segnalazioni-di-whistleblowing\/"]}]},{"@type":"BreadcrumbList","@id":"https:\/\/www.iscot.it\/chi-siamo\/compliance-aziendale\/segnalazioni-di-whistleblowing\/#breadcrumb","itemListElement":[{"@type":"ListItem","position":1,"name":"Home","item":"https:\/\/www.iscot.it\/"},{"@type":"ListItem","position":2,"name":"Kim jeste\u015bmy","item":"https:\/\/www.iscot.it\/chi-siamo\/"},{"@type":"ListItem","position":3,"name":"Zgodno\u015b\u0107 korporacyjna","item":"https:\/\/www.iscot.it\/chi-siamo\/compliance-aziendale\/"},{"@type":"ListItem","position":4,"name":"Zg\u0142aszanie nieprawid\u0142owo\u015bci i raporty SA8000"}]},{"@type":"WebSite","@id":"https:\/\/www.iscot.it\/#website","url":"https:\/\/www.iscot.it\/","name":"ISCOT","description":"Servizi integrati per la produzione","publisher":{"@id":"https:\/\/www.iscot.it\/#organization"},"potentialAction":[{"@type":"SearchAction","target":{"@type":"EntryPoint","urlTemplate":"https:\/\/www.iscot.it\/?s={search_term_string}"},"query-input":{"@type":"PropertyValueSpecification","valueRequired":true,"valueName":"search_term_string"}}],"inLanguage":"pl-PL"},{"@type":"Organization","@id":"https:\/\/www.iscot.it\/#organization","name":"ISCOT","url":"https:\/\/www.iscot.it\/","logo":{"@type":"ImageObject","inLanguage":"pl-PL","@id":"https:\/\/www.iscot.it\/#\/schema\/logo\/image\/","url":"https:\/\/www.iscot.it\/wp-content\/uploads\/2023\/04\/ISCOT_Logo.svg","contentUrl":"https:\/\/www.iscot.it\/wp-content\/uploads\/2023\/04\/ISCOT_Logo.svg","width":343,"height":85,"caption":"ISCOT"},"image":{"@id":"https:\/\/www.iscot.it\/#\/schema\/logo\/image\/"}}]}},"_links":{"self":[{"href":"https:\/\/www.iscot.it\/pl\/wp-json\/wp\/v2\/pages\/11346","targetHints":{"allow":["GET"]}}],"collection":[{"href":"https:\/\/www.iscot.it\/pl\/wp-json\/wp\/v2\/pages"}],"about":[{"href":"https:\/\/www.iscot.it\/pl\/wp-json\/wp\/v2\/types\/page"}],"author":[{"embeddable":true,"href":"https:\/\/www.iscot.it\/pl\/wp-json\/wp\/v2\/users\/1"}],"replies":[{"embeddable":true,"href":"https:\/\/www.iscot.it\/pl\/wp-json\/wp\/v2\/comments?post=11346"}],"version-history":[{"count":4,"href":"https:\/\/www.iscot.it\/pl\/wp-json\/wp\/v2\/pages\/11346\/revisions"}],"predecessor-version":[{"id":12827,"href":"https:\/\/www.iscot.it\/pl\/wp-json\/wp\/v2\/pages\/11346\/revisions\/12827"}],"up":[{"embeddable":true,"href":"https:\/\/www.iscot.it\/pl\/wp-json\/wp\/v2\/pages\/11332"}],"wp:attachment":[{"href":"https:\/\/www.iscot.it\/pl\/wp-json\/wp\/v2\/media?parent=11346"}],"curies":[{"name":"wp","href":"https:\/\/api.w.org\/{rel}","templated":true}]}}